{"id":1305,"date":"2020-06-14T12:08:23","date_gmt":"2020-06-14T12:08:23","guid":{"rendered":"http:\/\/redhost:8888\/amaya\/?page_id=1305"},"modified":"2024-10-23T17:37:24","modified_gmt":"2024-10-23T15:37:24","slug":"notre-histoire","status":"publish","type":"page","link":"https:\/\/lesavonquilave.fr\/?page_id=1305","title":{"rendered":"Notre Histoire"},"content":{"rendered":"\n\t<section id=\"contentboxes-mb-block-c3b19a26-fa44-431b-a066-192bfcf95faa\" class=\"section section-contentboxes  alignfull \">\n\n\t\t<div class=\"contentboxes-wrap none\">\n\t\t\t\t\t<div class=\"contentboxes-masonry \">\n\n\t\t\t\t<div class=\"grid-sizer-contentboxes\"><\/div>\n\n\t\t\t\t\n\t\t\t\t<div class=\"content-box- contentboxes-image-wrap bg-none half-width square content-dark no-vertical-text has-content cb-mobile-content-center \"  data-aos=\"fade-up\" data-aos-delay=\"100\"  >\n\n\t\t\t\t\t<div class=\"contentboxes-image-wrap-inner\">\n\n\t\t\t\t\t\n\t\t\t\t\t\t<div class=\"contentboxes-zoom-wrap \">\n\t\t\t\t\t\t\n\t\t\t\t\t\t\n\t\t\t\t\t\t\n\t\t\t\t\t\t\t<div class=\"contentboxes-content-wrap centered-content  contentboxes-content-middle\"  >\n\n\t\t\t\t\t\t\t\t\t\t\t\t\t\t\t\t<div class=\"contentboxes-content section-content\">\n\t\t\t\t\t\t\t\t\t\t\t\t\t\t\t\t\t\t\t\t\t\t\t\t\t\t\t\t<div class=\"contentboxes-content-item contentboxes-subtitle subtitle-above use-body-font\"  data-aos=\"fade-down\" data-aos-delay=\"100\"  >A propos de nous<\/div>\n\t\t\t\t\t\t\t\t\t\t\t\t\t\t\t\t\t\t\t\t\t\t\t\t\t                \t<h2 class=\"contentboxes-content-item contentboxes-title\"  data-aos=\"slide-up\"  ><em>D\u00e9di\u00e9<\/em> \u00e0 la Qualit\u00e9<\/h2>\n\t\t\t\t\t\t\t                \t\t\t\t\t\t\t                \t\t\t\t\t\t\t                \t<div class=\"contentboxes-content-item contentboxes-divider\"  data-aos=\"fade-right\"  ><\/div>\n\t\t\t\t\t\t\t                \t\t\t\t\t\t\t                \t\t\t\t\t\t\t                \t<div class=\"contentboxes-content-item contentboxes-text\"  data-aos=\"fade-right\" data-aos-delay=\"340\"  >Nous fabriquons \u00e0 la main dans notre laboratoire en plein centre historique de Clermont-Ferrand au 14, rue du Port des savons solides surgras saponifi\u00e9s \u00e0 froid et des savons liquides \/ gels douche \u00e0 partir d\u2019huiles et de beurres issus de l\u2019agriculture biologique.<br><\/br>\r\n\r\nNous nous approvisionnons en huile de tournesol et de colza en partenariat avec la ferme de la Ribeyre \u00e0 Saint-Babel (63). Nous cultivons des plantes en Aveyron tels que le calendula, la verveine ou le sureau que nous r\u00e9introduisons dans nos savons via la r\u00e9alisation de mac\u00e9rats huileux.<\/div>\n\t\t\t\t\t\t\t                \t\t\t\t\t\t\t                \t\t\t\t\t\t        \t<\/div>\n\t\t\t\t\t\t        \t\n\t\t\t\t\t\t\t\t\t\t\t\t\t\n\t\t\t\t\t\t<\/div>\n\t\t\t\t\t<\/div>\n\t\t\t\t\t<\/div>\n\n\t\t\t\t\t\t   \t \n\t\t\t\t<\/div>\n\t\t\t\t\t\n\t\t\t\n\t\t\t\t<div class=\"content-box-4397 contentboxes-image-wrap bg-image half-width square content-white no-vertical-text no-content  \"  data-aos=\"fade-up\" data-aos-delay=\"200\"  >\n\n\t\t\t\t\t<div class=\"contentboxes-image-wrap-inner\">\n\n\t\t\t\t\t\n\t\t\t\t\t\t<div class=\"contentboxes-zoom-wrap \">\n\t\t\t\t\t\t\n\t\t\t\t\t\t\t\t\t\t\t\t\t<div class=\"contentboxbgimage\" style=\"background-image: url(https:\/\/lesavonquilave.fr\/wp-content\/uploads\/2024\/10\/Photo-de-nous-sept-22.jpg);\"><\/div> \n\t\t\t\t\t\t\t\t\t\t\t\t<div class=\"contentbox-overlay   gradient-contentboxes-content-middle\" >\n\t\t\t\t\t\t\n\t\t\t\t\t\t\t<div class=\"contentboxes-content-wrap centered-content contentboxes-content-center contentboxes-content-middle\"  >\n\n\t\t\t\t\t\t\t\t\n\t\t\t\t\t\t\t\t\t\t\t\t\t\t<\/div>\n\t\t\t\t\t\t\t\t\t\t\t\t\t\n\t\t\t\t\t\t<\/div>\n\t\t\t\t\t<\/div>\n\t\t\t\t\t<\/div>\n\n\t\t\t\t\t\t   \t \n\t\t\t\t<\/div>\n\t\t\t\t\t\n\t\t\t\t\t\t<\/div>\n\t\t\t\t<\/div>\n\n\t<\/section> \n\n\n\n\n<div style=\"height:40px\" aria-hidden=\"true\" class=\"wp-block-spacer\"><\/div>\n\n\n\n\t\t\t<span id=\"subtitle-mb-block-aec7cf77-db7f-425a-84ba-cf2424a89fec\" class=\"subtitle  subtitle-block subtitle-above subtitle-center use-body-font\">Notre philosophie<\/span>\n\t\n\n\n\n<h2 class=\"wp-block-heading has-text-align-center\">De la cueillette au savon.<\/h2>\n\n\n\n\t<div id=\"divider-mb-block-427a9606-4c5f-4f63-8547-be7a24963d0c\" class=\"divider-block divider-center divider-vertical\"><\/div>\n\n\n\n\n<p class=\"has-text-align-center\">Nous cueillons nous-m\u00eame les orties que nous utilisons dans certains de nos produits. Nous avons d\u00e9velopp\u00e9 des recettes nous permettant de recycler de la dr\u00eache de notre voisin brasseur Potinga et du marc de caf\u00e9 de sp\u00e9cialit\u00e9 issu de l\u2019extraction de notre consommation personnelle.<\/p>\n\n\n\n<div style=\"height:82px\" aria-hidden=\"true\" class=\"wp-block-spacer\"><\/div>\n\n\n\n\t<section id=\"section-gallery-mb-block-1703cd4b-7ae8-4666-8f0c-f91137be9dff\" class=\"section section-gallery  alignfull \">\n\n\t\t<div class=\"gallery-wrap none\">\n\t\t\t\t\t<div class=\"gallery-images-masonry \">\n\n\t\t\t\t<div class=\"grid-sizer-gallery\"><\/div>\n\t\t\t\t\n\t\t\t\t\t\t<div class=\"gallery-image-wrap half-width square\" data-aos=\"fade-up\" data-aos-delay=\"100\"  >\n\n\t\t\t\t\t\t\t<div class=\"gallery-image-wrap-inner\">\n\n\t\t\t\t\t\t\t\t\t\t\t\t\t\t\t\t\t<a href=\"https:\/\/lesavonquilave.fr\/wp-content\/uploads\/2024\/10\/soap-8429699_1280.jpg\" class=\"links_to_image\">\n\t\t\t\t\t\t\t\t\t\t\t\t    \t\n\t\t\t\t\t\t\t\t\t<div class=\"gallery-image\" style=\"background-image: url(https:\/\/lesavonquilave.fr\/wp-content\/uploads\/2024\/10\/soap-8429699_1280.jpg);\"><\/div>\n\n\t\t\t\t\t\t\t\t\t\t\t\t\t\t\t\t\t<\/a>\n\t\t\t\t\t\t\t\t\n\t\t\t\t\t\t\t<\/div>\n\t\t   \t \n\t\t\t\t\t\t<\/div>\n\t\t\t\t\t\t\n\t\t\t\t\n\t\t\t\n\t\t\t\t\t\t<div class=\"gallery-image-wrap quarter-width square\" data-aos=\"fade-up\" data-aos-delay=\"100\"  >\n\n\t\t\t\t\t\t\t<div class=\"gallery-image-wrap-inner\">\n\n\t\t\t\t\t\t\t\t\t\t\t\t\t\t\t\t\t<a href=\"https:\/\/lesavonquilave.fr\/wp-content\/uploads\/2024\/10\/soap-4977314_1280.jpg\" class=\"links_to_image\">\n\t\t\t\t\t\t\t\t\t\t\t\t    \t\n\t\t\t\t\t\t\t\t\t<div class=\"gallery-image\" style=\"background-image: url(https:\/\/lesavonquilave.fr\/wp-content\/uploads\/2024\/10\/soap-4977314_1280.jpg);\"><\/div>\n\n\t\t\t\t\t\t\t\t\t\t\t\t\t\t\t\t\t<\/a>\n\t\t\t\t\t\t\t\t\n\t\t\t\t\t\t\t<\/div>\n\t\t   \t \n\t\t\t\t\t\t<\/div>\n\t\t\t\t\t\t\n\t\t\t\t\n\t\t\t\n\t\t\t\t\t\t<div class=\"gallery-image-wrap quarter-width square\" data-aos=\"fade-up\" data-aos-delay=\"100\"  >\n\n\t\t\t\t\t\t\t<div class=\"gallery-image-wrap-inner\">\n\n\t\t\t\t\t\t\t\t\t\t\t\t\t\t\t\t\t<a href=\"https:\/\/lesavonquilave.fr\/wp-content\/uploads\/2024\/10\/soap-3123468_1280.jpg\" class=\"links_to_image\">\n\t\t\t\t\t\t\t\t\t\t\t\t    \t\n\t\t\t\t\t\t\t\t\t<div class=\"gallery-image\" style=\"background-image: url(https:\/\/lesavonquilave.fr\/wp-content\/uploads\/2024\/10\/soap-3123468_1280.jpg);\"><\/div>\n\n\t\t\t\t\t\t\t\t\t\t\t\t\t\t\t\t\t<\/a>\n\t\t\t\t\t\t\t\t\n\t\t\t\t\t\t\t<\/div>\n\t\t   \t \n\t\t\t\t\t\t<\/div>\n\t\t\t\t\t\t\n\t\t\t\t\n\t\t\t\n\t\t\t\t\t\t<div class=\"gallery-image-wrap half-width half-height\" data-aos=\"fade-up\" data-aos-delay=\"100\"  >\n\n\t\t\t\t\t\t\t<div class=\"gallery-image-wrap-inner\">\n\n\t\t\t\t\t\t\t\t\t\t\t\t\t\t\t\t\t<a href=\"https:\/\/lesavonquilave.fr\/wp-content\/uploads\/2024\/10\/spa-8227623_1280.jpg\" class=\"links_to_image\">\n\t\t\t\t\t\t\t\t\t\t\t\t    \t\n\t\t\t\t\t\t\t\t\t<div class=\"gallery-image\" style=\"background-image: url(https:\/\/lesavonquilave.fr\/wp-content\/uploads\/2024\/10\/spa-8227623_1280.jpg);\"><\/div>\n\n\t\t\t\t\t\t\t\t\t\t\t\t\t\t\t\t\t<\/a>\n\t\t\t\t\t\t\t\t\n\t\t\t\t\t\t\t<\/div>\n\t\t   \t \n\t\t\t\t\t\t<\/div>\n\t\t\t\t\t\t\n\t\t\t\t\n\t\t\t\t\t\t<\/div>\n\t\t\t\t<\/div>\n\t<\/section> \n\n\n\n<div style=\"height:60px\" aria-hidden=\"true\" class=\"wp-block-spacer\"><\/div>\n","protected":false},"excerpt":{"rendered":"De la cueillette au savon. Nous cueillons nous-m\u00eame les orties que nous utilisons dans certains de nos produits. Nous avons d\u00e9velopp\u00e9 des recettes ...","protected":false},"author":2,"featured_media":0,"parent":0,"menu_order":15,"comment_status":"closed","ping_status":"closed","template":"","meta":{"footnotes":""},"class_list":["post-1305","page","type-page","status-publish","hentry"],"_links":{"self":[{"href":"https:\/\/lesavonquilave.fr\/index.php?rest_route=\/wp\/v2\/pages\/1305","targetHints":{"allow":["GET"]}}],"collection":[{"href":"https:\/\/lesavonquilave.fr\/index.php?rest_route=\/wp\/v2\/pages"}],"about":[{"href":"https:\/\/lesavonquilave.fr\/index.php?rest_route=\/wp\/v2\/types\/page"}],"author":[{"embeddable":true,"href":"https:\/\/lesavonquilave.fr\/index.php?rest_route=\/wp\/v2\/users\/2"}],"replies":[{"embeddable":true,"href":"https:\/\/lesavonquilave.fr\/index.php?rest_route=%2Fwp%2Fv2%2Fcomments&post=1305"}],"version-history":[{"count":9,"href":"https:\/\/lesavonquilave.fr\/index.php?rest_route=\/wp\/v2\/pages\/1305\/revisions"}],"predecessor-version":[{"id":4410,"href":"https:\/\/lesavonquilave.fr\/index.php?rest_route=\/wp\/v2\/pages\/1305\/revisions\/4410"}],"wp:attachment":[{"href":"https:\/\/lesavonquilave.fr\/index.php?rest_route=%2Fwp%2Fv2%2Fmedia&parent=1305"}],"curies":[{"name":"wp","href":"https:\/\/api.w.org\/{rel}","templated":true}]}}