{"id":332,"date":"2020-05-01T19:36:03","date_gmt":"2020-05-01T19:36:03","guid":{"rendered":"http:\/\/redhost:8888\/amaya\/?page_id=332"},"modified":"2024-12-12T21:10:42","modified_gmt":"2024-12-12T20:10:42","slug":"accueil","status":"publish","type":"page","link":"https:\/\/lesavonquilave.fr\/","title":{"rendered":"Accueil"},"content":{"rendered":"\n\t<section id=\"hero-mb-block-06c09fa2-d537-444f-acac-453807f652a1\" class=\"section section-hero  alignfull section-hero section-hero-image content-black no-overlay\">\n\n\t\t \n\t\t\t<picture>\n\t\t\t\t<source media=\"(min-width: 768px)\" \n\t\t\t\tsrcset=\"https:\/\/lesavonquilave.fr\/wp-content\/uploads\/2024\/11\/MOZAIQUE-2-scaled-e1730745468778.jpg\">\n\t\t\t\t<source srcset=\"https:\/\/lesavonquilave.fr\/wp-content\/uploads\/2024\/10\/close-up-hand-with-cleaning-products-1-scaled.jpg\">\n\t\t\t\t<img decoding=\"async\" class=\"hero-image hero-background hero-content-left hmobile-content-center hmobile-contentv-bottom\" src=\"https:\/\/lesavonquilave.fr\/wp-content\/uploads\/2024\/11\/MOZAIQUE-2-scaled-e1730745468778.jpg\" alt=\"\" \/>\n\t\t\t<\/picture>\n\t\t\n\t\t<div class=\"hero-content-wrap centered-content image-uploaded hero-content-left hmobile-content-center hmobile-contentv-bottom overlay-width-undefined\" >\n\t\t\t<div class=\"hero-content section-content\">\n\t\t\t\t\t\t\t\t\t\t\t\t\t<div class=\"hero-content-item hero-subtitle subtitle-above use-body-font\"  data-aos=\"fade-down\" data-aos-delay=\"100\"  >Qualit\u00e9 exceptionnelle<\/div>\n\t\t\t\t\t\t\t\t\t\t                \t<h2 class=\"hero-content-item hero-title \"  data-aos=\"slide-up\"  >Tout a commenc\u00e9 avec un concept modeste : cr\u00e9er un savon <em>incroyable<\/em><\/h2>\n\t\t                \n\t\t                \t\t                \t<div class=\"hero-content-item hero-divider\"  data-aos=\"fade-right\"  ><\/div>\n\t\t                \t\t                \t\t                \t<div class=\"hero-content-item hero-text\"  data-aos=\"fade-right\" data-aos-delay=\"340\"  >Notre mission est de fournir des produits de qualit\u00e9 provenant de sources durables et naturelles, bio. Le savon est notre passion et nous voulons la partager avec vous.<\/div>\n\t\t                \t\t                \t\t                \t<div class=\"hero-content-item hero-button-wrap\">\n\t\t\t\t\t<a href=\"https:\/\/lesavonquilave.fr\/?post_type=product\" class=\"hero-button button  content-black\" data-aos=\"fade-up\" data-aos-delay=\"380\">D\u00e9couvrir <\/a>\n\t\t\t\t\t<\/div>\n\t\t                \t\t\t<\/div>\n\t\t<\/div>\n\n\t\t\n\t<\/section> \n\n\n\n\n<div style=\"height:90px\" aria-hidden=\"true\" class=\"wp-block-spacer\"><\/div>\n\n\n\n\t\t\t<span id=\"subtitle-mb-block-a455e6a9-0cc6-41d0-ae6c-31282ee9cc16\" class=\"subtitle  subtitle-block subtitle-above subtitle-center use-body-font\">produits phares<\/span>\n\t\n\n\n\n<h2 class=\"wp-block-heading has-text-align-center\" id=\"our-coffee\">Nos produits<\/h2>\n\n\n\n<div style=\"height:48px\" aria-hidden=\"true\" class=\"wp-block-spacer\"><\/div>\n\n\n<div data-block-name=\"woocommerce\/product-new\" data-categories=\"[15]\" data-content-visibility=\"{&quot;image&quot;:true,&quot;title&quot;:true,&quot;price&quot;:true,&quot;rating&quot;:false,&quot;button&quot;:true}\" class=\"wc-block-grid wp-block-product-new wp-block-woocommerce-product-new wc-block-product-new has-3-columns has-multiple-rows\"><ul class=\"wc-block-grid__products\"><li class=\"wc-block-grid__product\">\n\t\t\t\t<a href=\"https:\/\/lesavonquilave.fr\/?product=savon-de-rasage-le-rock\" class=\"wc-block-grid__product-link\">\n\t\t\t\t\t\n\t\t\t\t\t<div class=\"wc-block-grid__product-image\"><img loading=\"lazy\" decoding=\"async\" width=\"600\" height=\"600\" src=\"https:\/\/lesavonquilave.fr\/wp-content\/uploads\/2024\/11\/LE-ROCK-SOLO-FOND-BLANC-scaled-e1732525373310-600x600.jpg\" class=\"attachment-woocommerce_thumbnail size-woocommerce_thumbnail\" alt=\"savon de rasage\" srcset=\"https:\/\/lesavonquilave.fr\/wp-content\/uploads\/2024\/11\/LE-ROCK-SOLO-FOND-BLANC-scaled-e1732525373310-600x600.jpg 600w, https:\/\/lesavonquilave.fr\/wp-content\/uploads\/2024\/11\/LE-ROCK-SOLO-FOND-BLANC-scaled-e1732525373310-300x300.jpg 300w, https:\/\/lesavonquilave.fr\/wp-content\/uploads\/2024\/11\/LE-ROCK-SOLO-FOND-BLANC-scaled-e1732525373310-1024x1024.jpg 1024w, https:\/\/lesavonquilave.fr\/wp-content\/uploads\/2024\/11\/LE-ROCK-SOLO-FOND-BLANC-scaled-e1732525373310-150x150.jpg 150w, https:\/\/lesavonquilave.fr\/wp-content\/uploads\/2024\/11\/LE-ROCK-SOLO-FOND-BLANC-scaled-e1732525373310-768x768.jpg 768w, https:\/\/lesavonquilave.fr\/wp-content\/uploads\/2024\/11\/LE-ROCK-SOLO-FOND-BLANC-scaled-e1732525373310-1536x1536.jpg 1536w, https:\/\/lesavonquilave.fr\/wp-content\/uploads\/2024\/11\/LE-ROCK-SOLO-FOND-BLANC-scaled-e1732525373310-1600x1600.jpg 1600w, https:\/\/lesavonquilave.fr\/wp-content\/uploads\/2024\/11\/LE-ROCK-SOLO-FOND-BLANC-scaled-e1732525373310-1200x1200.jpg 1200w, https:\/\/lesavonquilave.fr\/wp-content\/uploads\/2024\/11\/LE-ROCK-SOLO-FOND-BLANC-scaled-e1732525373310-800x800.jpg 800w, https:\/\/lesavonquilave.fr\/wp-content\/uploads\/2024\/11\/LE-ROCK-SOLO-FOND-BLANC-scaled-e1732525373310-560x560.jpg 560w, https:\/\/lesavonquilave.fr\/wp-content\/uploads\/2024\/11\/LE-ROCK-SOLO-FOND-BLANC-scaled-e1732525373310-250x250.jpg 250w, https:\/\/lesavonquilave.fr\/wp-content\/uploads\/2024\/11\/LE-ROCK-SOLO-FOND-BLANC-scaled-e1732525373310-120x120.jpg 120w, https:\/\/lesavonquilave.fr\/wp-content\/uploads\/2024\/11\/LE-ROCK-SOLO-FOND-BLANC-scaled-e1732525373310-100x100.jpg 100w, https:\/\/lesavonquilave.fr\/wp-content\/uploads\/2024\/11\/LE-ROCK-SOLO-FOND-BLANC-scaled-e1732525373310.jpg 1920w\" sizes=\"auto, (max-width: 600px) 100vw, 600px\" \/><\/div>\n\t\t\t\t\t<div class=\"wc-block-grid__product-title\">Savon de rasage authentique LE ROCK<\/div>\n\t\t\t\t<\/a>\n\t\t\t\t<div class=\"wc-block-grid__product-price price\"><span class=\"woocommerce-Price-amount amount\">6,00\u00a0<span class=\"woocommerce-Price-currencySymbol\">\u20ac<\/span><\/span><\/div>\n\t\t\t\t\n\t\t\t\t<div class=\"wp-block-button wc-block-grid__product-add-to-cart\"><a href=\"\/index.php?rest_route=%2Fwp%2Fv2%2Fpages%2F332&add-to-cart=5207\" aria-label=\"Ajouter au panier\u00a0: \u201cSavon de rasage authentique LE ROCK\u201d\" data-quantity=\"1\" data-product_id=\"5207\" data-product_sku=\"\" data-price=\"6\" rel=\"nofollow\" class=\"wp-block-button__link  add_to_cart_button ajax_add_to_cart\">Ajouter au panier<\/a><\/div>\n\t\t\t<\/li><li class=\"wc-block-grid__product\">\n\t\t\t\t<a href=\"https:\/\/lesavonquilave.fr\/?product=alep\" class=\"wc-block-grid__product-link\">\n\t\t\t\t\t\n\t\t\t\t\t<div class=\"wc-block-grid__product-image\"><img loading=\"lazy\" decoding=\"async\" width=\"600\" height=\"600\" src=\"https:\/\/lesavonquilave.fr\/wp-content\/uploads\/2024\/10\/Alep-SOLO.jpeg\" class=\"attachment-woocommerce_thumbnail size-woocommerce_thumbnail\" alt=\"Alep\" \/><\/div>\n\t\t\t\t\t<div class=\"wc-block-grid__product-title\">Le Alep<\/div>\n\t\t\t\t<\/a>\n\t\t\t\t<div class=\"wc-block-grid__product-price price\"><span class=\"woocommerce-Price-amount amount\">6,00\u00a0<span class=\"woocommerce-Price-currencySymbol\">\u20ac<\/span><\/span><\/div>\n\t\t\t\t\n\t\t\t\t<div class=\"wp-block-button wc-block-grid__product-add-to-cart\"><a href=\"\/index.php?rest_route=%2Fwp%2Fv2%2Fpages%2F332&add-to-cart=843\" aria-label=\"Ajouter au panier\u00a0: \u201cLe Alep\u201d\" data-quantity=\"1\" data-product_id=\"843\" data-product_sku=\"\" data-price=\"6\" rel=\"nofollow\" class=\"wp-block-button__link  add_to_cart_button ajax_add_to_cart\">Ajouter au panier<\/a><\/div>\n\t\t\t<\/li><li class=\"wc-block-grid__product\">\n\t\t\t\t<a href=\"https:\/\/lesavonquilave.fr\/?product=potinga\" class=\"wc-block-grid__product-link\">\n\t\t\t\t\t\n\t\t\t\t\t<div class=\"wc-block-grid__product-image\"><img loading=\"lazy\" decoding=\"async\" width=\"600\" height=\"600\" src=\"https:\/\/lesavonquilave.fr\/wp-content\/uploads\/2024\/10\/Potinga-Support-Dreches-SOLO-scaled-3.jpeg\" class=\"attachment-woocommerce_thumbnail size-woocommerce_thumbnail\" alt=\"savon artisanal surgras exfoliant Potinga\" \/><\/div>\n\t\t\t\t\t<div class=\"wc-block-grid__product-title\">Savon gommant ++ : Potinga \u00a0\u00bb \u00c7a sent le sapin ! \u00ab\u00a0<\/div>\n\t\t\t\t<\/a>\n\t\t\t\t<div class=\"wc-block-grid__product-price price\"><span class=\"woocommerce-Price-amount amount\">7,00\u00a0<span class=\"woocommerce-Price-currencySymbol\">\u20ac<\/span><\/span><\/div>\n\t\t\t\t\n\t\t\t\t<div class=\"wp-block-button wc-block-grid__product-add-to-cart\"><a href=\"\/index.php?rest_route=%2Fwp%2Fv2%2Fpages%2F332&add-to-cart=820\" aria-label=\"Ajouter au panier\u00a0: \u201cSavon gommant ++ : Potinga &quot; \u00c7a sent le sapin ! &quot;\u201d\" data-quantity=\"1\" data-product_id=\"820\" data-product_sku=\"\" data-price=\"7\" rel=\"nofollow\" class=\"wp-block-button__link  add_to_cart_button ajax_add_to_cart\">Ajouter au panier<\/a><\/div>\n\t\t\t<\/li><li class=\"wc-block-grid__product\">\n\t\t\t\t<a href=\"https:\/\/lesavonquilave.fr\/?product=le-troc-a-lortie-sauvage\" class=\"wc-block-grid__product-link\">\n\t\t\t\t\t\n\t\t\t\t\t<div class=\"wc-block-grid__product-image\"><img loading=\"lazy\" decoding=\"async\" width=\"600\" height=\"600\" src=\"https:\/\/lesavonquilave.fr\/wp-content\/uploads\/2024\/10\/Ortie-etiquette-Solo-scaled-1.jpeg\" class=\"attachment-woocommerce_thumbnail size-woocommerce_thumbnail\" alt=\"savon solide\" \/><\/div>\n\t\t\t\t\t<div class=\"wc-block-grid__product-title\">Savon Le Troc \u00e0 l\u2019Ortie Sauvage<\/div>\n\t\t\t\t<\/a>\n\t\t\t\t<div class=\"wc-block-grid__product-price price\"><span class=\"woocommerce-Price-amount amount\">7,00\u00a0<span class=\"woocommerce-Price-currencySymbol\">\u20ac<\/span><\/span><\/div>\n\t\t\t\t\n\t\t\t\t<div class=\"wp-block-button wc-block-grid__product-add-to-cart\"><a href=\"\/index.php?rest_route=%2Fwp%2Fv2%2Fpages%2F332&add-to-cart=818\" aria-label=\"Ajouter au panier\u00a0: \u201cSavon Le Troc \u00e0 l&#039;Ortie Sauvage\u201d\" data-quantity=\"1\" data-product_id=\"818\" data-product_sku=\"\" data-price=\"7\" rel=\"nofollow\" class=\"wp-block-button__link  add_to_cart_button ajax_add_to_cart\">Ajouter au panier<\/a><\/div>\n\t\t\t<\/li><li class=\"wc-block-grid__product\">\n\t\t\t\t<a href=\"https:\/\/lesavonquilave.fr\/?product=savon-argile-blanche\" class=\"wc-block-grid__product-link\">\n\t\t\t\t\t\n\t\t\t\t\t<div class=\"wc-block-grid__product-image\"><img loading=\"lazy\" decoding=\"async\" width=\"600\" height=\"600\" src=\"https:\/\/lesavonquilave.fr\/wp-content\/uploads\/2024\/10\/argile-blanche-poudre-scaled-e1727291210670.jpeg\" class=\"attachment-woocommerce_thumbnail size-woocommerce_thumbnail\" alt=\"savon artisanal surgras\" \/><\/div>\n\t\t\t\t\t<div class=\"wc-block-grid__product-title\">Savon artisanal Le Doux \u00e0 l\u2019argile blanche<\/div>\n\t\t\t\t<\/a>\n\t\t\t\t<div class=\"wc-block-grid__product-price price\"><span class=\"woocommerce-Price-amount amount\">6,00\u00a0<span class=\"woocommerce-Price-currencySymbol\">\u20ac<\/span><\/span><\/div>\n\t\t\t\t\n\t\t\t\t<div class=\"wp-block-button wc-block-grid__product-add-to-cart\"><a href=\"https:\/\/lesavonquilave.fr\/?product=savon-argile-blanche\" aria-label=\"En savoir plus sur \u201cSavon artisanal Le Doux \u00e0 l&#039;argile blanche\u201d\" data-quantity=\"1\" data-product_id=\"118\" data-product_sku=\"\" data-price=\"6\" rel=\"nofollow\" class=\"wp-block-button__link  add_to_cart_button\">Lire la suite<\/a><\/div>\n\t\t\t<\/li><li class=\"wc-block-grid__product\">\n\t\t\t\t<a href=\"https:\/\/lesavonquilave.fr\/?product=vieilles-peaux\" class=\"wc-block-grid__product-link\">\n\t\t\t\t\t\n\t\t\t\t\t<div class=\"wc-block-grid__product-image\"><img loading=\"lazy\" decoding=\"async\" width=\"600\" height=\"600\" src=\"https:\/\/lesavonquilave.fr\/wp-content\/uploads\/2024\/10\/chasseur-de-vieilles-peaux-compo-scaled-1.jpeg\" class=\"attachment-woocommerce_thumbnail size-woocommerce_thumbnail\" alt=\"savon\" \/><\/div>\n\t\t\t\t\t<div class=\"wc-block-grid__product-title\">Savon gommant +++ Le chasseur de vieilles peaux<\/div>\n\t\t\t\t<\/a>\n\t\t\t\t<div class=\"wc-block-grid__product-price price\"><span class=\"woocommerce-Price-amount amount\">7,00\u00a0<span class=\"woocommerce-Price-currencySymbol\">\u20ac<\/span><\/span><\/div>\n\t\t\t\t\n\t\t\t\t<div class=\"wp-block-button wc-block-grid__product-add-to-cart\"><a href=\"\/index.php?rest_route=%2Fwp%2Fv2%2Fpages%2F332&add-to-cart=624\" aria-label=\"Ajouter au panier\u00a0: \u201cSavon gommant +++ Le chasseur de vieilles peaux\u201d\" data-quantity=\"1\" data-product_id=\"624\" data-product_sku=\"\" data-price=\"7\" rel=\"nofollow\" class=\"wp-block-button__link  add_to_cart_button ajax_add_to_cart\">Ajouter au panier<\/a><\/div>\n\t\t\t<\/li><li class=\"wc-block-grid__product\">\n\t\t\t\t<a href=\"https:\/\/lesavonquilave.fr\/?product=savon-artisanal-calendula\" class=\"wc-block-grid__product-link\">\n\t\t\t\t\t\n\t\t\t\t\t<div class=\"wc-block-grid__product-image\"><img loading=\"lazy\" decoding=\"async\" width=\"600\" height=\"600\" src=\"https:\/\/lesavonquilave.fr\/wp-content\/uploads\/2024\/10\/calendula-compo-scaled-1.jpeg\" class=\"attachment-woocommerce_thumbnail size-woocommerce_thumbnail\" alt=\"savon surgras au calendula\" \/><\/div>\n\t\t\t\t\t<div class=\"wc-block-grid__product-title\">Savon artisanal Le Sans Soucis au Calendula<\/div>\n\t\t\t\t<\/a>\n\t\t\t\t<div class=\"wc-block-grid__product-price price\"><span class=\"woocommerce-Price-amount amount\">7,50\u00a0<span class=\"woocommerce-Price-currencySymbol\">\u20ac<\/span><\/span><\/div>\n\t\t\t\t\n\t\t\t\t<div class=\"wp-block-button wc-block-grid__product-add-to-cart\"><a href=\"\/index.php?rest_route=%2Fwp%2Fv2%2Fpages%2F332&add-to-cart=553\" aria-label=\"Ajouter au panier\u00a0: \u201cSavon artisanal Le Sans Soucis au Calendula\u201d\" data-quantity=\"1\" data-product_id=\"553\" data-product_sku=\"\" data-price=\"7.5\" rel=\"nofollow\" class=\"wp-block-button__link  add_to_cart_button ajax_add_to_cart\">Ajouter au panier<\/a><\/div>\n\t\t\t<\/li><li class=\"wc-block-grid__product\">\n\t\t\t\t<a href=\"https:\/\/lesavonquilave.fr\/?product=la-pierre-de-volvic\" class=\"wc-block-grid__product-link\">\n\t\t\t\t\t\n\t\t\t\t\t<div class=\"wc-block-grid__product-image\"><img loading=\"lazy\" decoding=\"async\" width=\"600\" height=\"600\" src=\"https:\/\/lesavonquilave.fr\/wp-content\/uploads\/2024\/10\/pierre-de-volvic-poudre-scaled-1.jpeg\" class=\"attachment-woocommerce_thumbnail size-woocommerce_thumbnail\" alt=\"savon Pierre de volvic\" \/><\/div>\n\t\t\t\t\t<div class=\"wc-block-grid__product-title\">Savon \u00ab\u00a0LA PIERRE DE VOLVIC\u00a0\u00bb<\/div>\n\t\t\t\t<\/a>\n\t\t\t\t<div class=\"wc-block-grid__product-price price\"><span class=\"woocommerce-Price-amount amount\">5,00\u00a0<span class=\"woocommerce-Price-currencySymbol\">\u20ac<\/span><\/span><\/div>\n\t\t\t\t\n\t\t\t\t<div class=\"wp-block-button wc-block-grid__product-add-to-cart\"><a href=\"\/index.php?rest_route=%2Fwp%2Fv2%2Fpages%2F332&add-to-cart=295\" aria-label=\"Ajouter au panier\u00a0: \u201cSavon &quot;LA PIERRE DE VOLVIC&quot;\u201d\" data-quantity=\"1\" data-product_id=\"295\" data-product_sku=\"\" data-price=\"5\" rel=\"nofollow\" class=\"wp-block-button__link  add_to_cart_button ajax_add_to_cart\">Ajouter au panier<\/a><\/div>\n\t\t\t<\/li><li class=\"wc-block-grid__product\">\n\t\t\t\t<a href=\"https:\/\/lesavonquilave.fr\/?product=savon-argile-verte\" class=\"wc-block-grid__product-link\">\n\t\t\t\t\t\n\t\t\t\t\t<div class=\"wc-block-grid__product-image\"><img loading=\"lazy\" decoding=\"async\" width=\"600\" height=\"600\" src=\"https:\/\/lesavonquilave.fr\/wp-content\/uploads\/2024\/10\/argile-verte-poudre-scaled-1.jpeg\" class=\"attachment-woocommerce_thumbnail size-woocommerce_thumbnail\" alt=\"savon surgras \u00e0 l&#039;argile verte\" \/><\/div>\n\t\t\t\t\t<div class=\"wc-block-grid__product-title\">Savon Le Doux \u00e0 l\u2019argile verte<\/div>\n\t\t\t\t<\/a>\n\t\t\t\t<div class=\"wc-block-grid__product-price price\"><span class=\"woocommerce-Price-amount amount\">6,00\u00a0<span class=\"woocommerce-Price-currencySymbol\">\u20ac<\/span><\/span><\/div>\n\t\t\t\t\n\t\t\t\t<div class=\"wp-block-button wc-block-grid__product-add-to-cart\"><a href=\"\/index.php?rest_route=%2Fwp%2Fv2%2Fpages%2F332&add-to-cart=235\" aria-label=\"Ajouter au panier\u00a0: \u201cSavon Le Doux \u00e0 l&#039;argile verte\u201d\" data-quantity=\"1\" data-product_id=\"235\" data-product_sku=\"\" data-price=\"6\" rel=\"nofollow\" class=\"wp-block-button__link  add_to_cart_button ajax_add_to_cart\">Ajouter au panier<\/a><\/div>\n\t\t\t<\/li><\/ul><\/div>\n\n\n<div class=\"wp-block-buttons is-content-justification-center is-layout-flex wp-container-core-buttons-is-layout-5590e8cb wp-block-buttons-is-layout-flex\">\n<div class=\"wp-block-button is-style-outline is-style-outline--1\"><a class=\"wp-block-button__link wp-element-button\" href=\"https:\/\/lesavonquilave.fr\/?post_type=product\">Tous nos produits<\/a><\/div>\n<\/div>\n\n\n\n<div style=\"height:59px\" aria-hidden=\"true\" class=\"wp-block-spacer\"><\/div>\n\n\n\n<div style=\"height:59px\" aria-hidden=\"true\" class=\"wp-block-spacer\"><\/div>\n\n\n\n\t<section id=\"hero-mb-block-e367de34-b088-423a-a885-16b76d23d86b\" class=\"section section-hero  alignfull section-hero section-hero-image content-dark no-overlay\">\n\n\t\t \n\t\t\t<picture>\n\t\t\t\t<source media=\"(min-width: 768px)\" \n\t\t\t\tsrcset=\"https:\/\/lesavonquilave.fr\/wp-content\/uploads\/2024\/10\/natural-self-care-soap.jpg\">\n\t\t\t\t<source srcset=\"https:\/\/lesavonquilave.fr\/wp-content\/uploads\/2024\/10\/natural-self-care-soap.jpg\">\n\t\t\t\t<img decoding=\"async\" class=\"hero-image hero-background hero-content-left hmobile-content-center hmobile-contentv-bottom\" src=\"https:\/\/lesavonquilave.fr\/wp-content\/uploads\/2024\/10\/natural-self-care-soap.jpg\" alt=\"savon\" \/>\n\t\t\t<\/picture>\n\t\t\n\t\t<div class=\"hero-content-wrap centered-content image-uploaded hero-content-left hmobile-content-center hmobile-contentv-bottom overlay-width-undefined\" >\n\t\t\t<div class=\"hero-content section-content\">\n\t\t\t\t\t\t\t\t\t\t\t\t\t<div class=\"hero-content-item hero-subtitle subtitle-above use-body-font\"  data-aos=\"fade-down\" data-aos-delay=\"100\"  >bien plus qu\u2019un simple savon<\/div>\n\t\t\t\t\t\t\t\t\t\t                \t<h2 class=\"hero-content-item hero-title \"  data-aos=\"slide-up\"  >Soin <em>naturel<\/em> et bio<\/h2>\n\t\t                \n\t\t                \t\t                \t<div class=\"hero-content-item hero-divider\"  data-aos=\"fade-right\"  ><\/div>\n\t\t                \t\t                \t\t                \t<div class=\"hero-content-item hero-text\"  data-aos=\"fade-right\" data-aos-delay=\"340\"  >Rafra\u00eechissez votre corps avec notre savon saponifi\u00e9 \u00e0 froid et issu de sources durables, livr\u00e9 directement \u00e0 votre porte.<\/div>\n\t\t                \t\t                \t\t                \t<div class=\"hero-content-item hero-button-wrap\">\n\t\t\t\t\t<a href=\"https:\/\/lesavonquilave.fr\/?p=4457\" class=\"hero-button button button-outline content-dark\" data-aos=\"fade-up\" data-aos-delay=\"380\">En savoir plus <\/a>\n\t\t\t\t\t<\/div>\n\t\t                \t\t\t<\/div>\n\t\t<\/div>\n\n\t\t\n\t<\/section> \n\n\n\n\n<div style=\"height:50px\" aria-hidden=\"true\" class=\"wp-block-spacer\"><\/div>\n\n\n\n<h3 class=\"wp-block-heading has-text-align-center\">Bienvenue dans notre savonnerie artisanale : Experts de la saponification \u00e0 froid pour votre bien-\u00eatre<\/h3>\n\n\n<div class=\"wp-block-image\">\n<figure class=\"aligncenter size-full is-resized\"><img loading=\"lazy\" decoding=\"async\" width=\"2109\" height=\"2109\" src=\"https:\/\/lesavonquilave.fr\/wp-content\/uploads\/2024\/10\/pierre-de-volvic.jpeg\" alt=\"savon\" class=\"wp-image-4627\" style=\"width:148px;height:auto\"\/><\/figure>\n<\/div>\n\n\n<h4 class=\"wp-block-heading has-text-align-center\">L\u2019Art d\u2019un soin au C\u0153ur de Nos Valeurs<\/h4>\n\n\n\n<p class=\"has-text-align-center\">Nous croyons fermement en la puissance des ingr\u00e9dients naturels pour prendre soin de votre peau tout en respectant l\u2019environnement. Notre mission ? Vous offrir le meilleur du savon, fabriqu\u00e9 artisanalement \u00e0 partir d\u2019huiles v\u00e9g\u00e9tales biologiques et d\u2019ingr\u00e9dients respectueux de votre sant\u00e9 et de la plan\u00e8te. Install\u00e9e au c\u0153ur de l\u2019Auvergne \u00e0 Clermont-Ferrand, notre savonnerie artisanale se distingue par un savoir-faire authentique, qui vous garantit des produits de soin d\u2019une qualit\u00e9 exceptionnelle.<\/p>\n\n\n\n<div style=\"height:50px\" aria-hidden=\"true\" class=\"wp-block-spacer\"><\/div>\n\n\n\n\t<section id=\"hero-mb-block-b92d4280-de00-4478-89bc-c702ef257132\" class=\"section section-hero  alignfull section-hero section-hero-image  no-overlay\">\n\n\t\t \n\t\t\t<picture>\n\t\t\t\t<source media=\"(min-width: 768px)\" \n\t\t\t\tsrcset=\"https:\/\/lesavonquilave.fr\/wp-content\/uploads\/2024\/10\/top-view-cosmetic-products-with-copy-space-scaled.jpg\">\n\t\t\t\t<source srcset=\"https:\/\/lesavonquilave.fr\/wp-content\/uploads\/2024\/10\/top-view-cosmetic-products-with-copy-space-scaled.jpg\">\n\t\t\t\t<img decoding=\"async\" class=\"hero-image hero-background hero-content-right hmobile-content-center hmobile-contentv-top\" src=\"https:\/\/lesavonquilave.fr\/wp-content\/uploads\/2024\/10\/top-view-cosmetic-products-with-copy-space-scaled.jpg\" alt=\"savon\" \/>\n\t\t\t<\/picture>\n\t\t\n\t\t<div class=\"hero-content-wrap centered-content image-uploaded hero-content-right hmobile-content-center hmobile-contentv-top overlay-width-undefined\" >\n\t\t\t<div class=\"hero-content section-content\">\n\t\t\t\t\t\t\t\t\t\t\t\t\t<div class=\"hero-content-item hero-subtitle subtitle-above use-body-font\"  data-aos=\"fade-down\" data-aos-delay=\"100\"  >Livraison gratuite sur les commandes de + 50\u20ac<\/div>\n\t\t\t\t\t\t\t\t\t\t                \t<h2 class=\"hero-content-item hero-title \"  data-aos=\"slide-up\"  >Gels douche de qualit\u00e9 <em>livr\u00e9s<\/em> \u00e0 votre porte<\/h2>\n\t\t                \n\t\t                \t\t                \t<div class=\"hero-content-item hero-divider\"  data-aos=\"fade-right\"  ><\/div>\n\t\t                \t\t                \t\t                \t<div class=\"hero-content-item hero-text\"  data-aos=\"fade-right\" data-aos-delay=\"340\"  >Essayez un spectre lumineux d\u2019ar\u00f4mes, d\u2019essences et de douceur cultiv\u00e9es gr\u00e2ce \u00e0 notre expertise engag\u00e9e pour le meilleur savon..<\/div>\n\t\t                \t\t                \t\t                \t<div class=\"hero-content-item hero-button-wrap\">\n\t\t\t\t\t<a href=\"https:\/\/lesavonquilave.fr\/?product_cat=gels-douche\" class=\"hero-button button button-outline \" data-aos=\"fade-up\" data-aos-delay=\"380\">Commandez maintenant <\/a>\n\t\t\t\t\t<\/div>\n\t\t                \t\t\t<\/div>\n\t\t<\/div>\n\n\t\t\n\t<\/section> \n\n","protected":false},"excerpt":{"rendered":"Nos produits Tous nos produits Bienvenue dans notre savonnerie artisanale : Experts de la saponification \u00e0 froid pour votre bien-\u00eatre L\u2019Art d'un soin ...","protected":false},"author":2,"featured_media":0,"parent":0,"menu_order":6,"comment_status":"closed","ping_status":"closed","template":"","meta":{"footnotes":""},"class_list":["post-332","page","type-page","status-publish","hentry"],"_links":{"self":[{"href":"https:\/\/lesavonquilave.fr\/index.php?rest_route=\/wp\/v2\/pages\/332","targetHints":{"allow":["GET"]}}],"collection":[{"href":"https:\/\/lesavonquilave.fr\/index.php?rest_route=\/wp\/v2\/pages"}],"about":[{"href":"https:\/\/lesavonquilave.fr\/index.php?rest_route=\/wp\/v2\/types\/page"}],"author":[{"embeddable":true,"href":"https:\/\/lesavonquilave.fr\/index.php?rest_route=\/wp\/v2\/users\/2"}],"replies":[{"embeddable":true,"href":"https:\/\/lesavonquilave.fr\/index.php?rest_route=%2Fwp%2Fv2%2Fcomments&post=332"}],"version-history":[{"count":38,"href":"https:\/\/lesavonquilave.fr\/index.php?rest_route=\/wp\/v2\/pages\/332\/revisions"}],"predecessor-version":[{"id":5526,"href":"https:\/\/lesavonquilave.fr\/index.php?rest_route=\/wp\/v2\/pages\/332\/revisions\/5526"}],"wp:attachment":[{"href":"https:\/\/lesavonquilave.fr\/index.php?rest_route=%2Fwp%2Fv2%2Fmedia&parent=332"}],"curies":[{"name":"wp","href":"https:\/\/api.w.org\/{rel}","templated":true}]}}