{"id":4476,"date":"2024-10-23T18:51:29","date_gmt":"2024-10-23T16:51:29","guid":{"rendered":"https:\/\/lesavonquilave.fr\/?page_id=4476"},"modified":"2024-10-23T18:59:00","modified_gmt":"2024-10-23T16:59:00","slug":"mentions-legales","status":"publish","type":"page","link":"https:\/\/lesavonquilave.fr\/?page_id=4476","title":{"rendered":"Mentions l\u00e9gales"},"content":{"rendered":"\n<p><\/p>\n\n\n\n<p>\u00c9DITEUR DU SITE LE SAVON QUI LAVE SARL au capital de 1 000 euros <\/p>\n\n\n\n<p>Inscrite au RCS de Clermont-Ferrand sous le n\u00b0 SIRET 90378537600018 <\/p>\n\n\n\n<p>Domicili\u00e9e 14 Rue du Port, 63000 Clermont-Ferrand, <\/p>\n\n\n\n<p>France Tva intracommunautaire : FR15903785376 <\/p>\n\n\n\n<p>Directeur de la publication : Ana\u00efs Escaffre <\/p>\n\n\n\n<p>H\u00c9BERGEUR DU SITE <\/p>\n\n\n\n<p>Le site https:\/\/lesavonquilave.fr est h\u00e9berg\u00e9 par IONOS SARL dont le si\u00e8ge social est 7, place de la Gare BP 70109 57200 Sarreguemines Cedex France <\/p>\n\n\n\n<p>Num\u00e9ro de t\u00e9l\u00e9phone : 0970 808 911 <\/p>\n\n\n\n<p>WEBMASTER <\/p>\n\n\n\n<p>Pour contacter notre webmaster : Le Savon qui Lave 14 Rue du Port, 63000 Clermont-Ferrand <\/p>\n\n\n\n<p>contact@lesavonquilave.fr <\/p>\n\n\n\n<p>Tel : +33 (0)6 19 96 48 05 <\/p>\n\n\n\n<p>SERVICE CONSOMMATEUR <\/p>\n\n\n\n<p>Pour toute information, question ou conseil, notre service consommateur est \u00e0 votre disposition : <\/p>\n\n\n\n<p>Par courrier : LE SAVON QUI LAVE Service Marketing 14 Rue du Port, 63000 Clermont-Ferrand <\/p>\n\n\n\n<p>Par email : contact@lesavonquilave.fr <\/p>\n\n\n\n<p>T\u00e9l : +33 (0)6 19 96 48 05 <\/p>\n\n\n\n<p>PROPRI\u00c9T\u00c9 INTELLECTUELLE <\/p>\n\n\n\n<p>Tous les \u00e9l\u00e9ments (textes, logos, images, \u2026) contenus dans le site sont prot\u00e9g\u00e9s par le droit national et international de la propri\u00e9t\u00e9 intellectuelle. Ces \u00e9l\u00e9ments restent la propri\u00e9t\u00e9 exclusive de LE SAVON QUI LAVE. A ce titre, sauf autorisation pr\u00e9alable et \u00e9crite de LE SAVON QUI LAVE, l\u2019\u00e9diteur n\u2019autorise qu\u2019un usage strictement personnel des donn\u00e9es, informations ou contenus auxquels vous acc\u00e9dez. Le non-respect de cette interdiction peut constituer un acte de contrefa\u00e7on engageant vos responsabilit\u00e9s civile et p\u00e9nale.<\/p>\n","protected":false},"excerpt":{"rendered":"\u00c9DITEUR DU SITE LE SAVON QUI LAVE SARL au capital de 1 000 euros Inscrite au RCS de Clermont-Ferrand sous le n\u00b0 SIRET ...","protected":false},"author":2,"featured_media":0,"parent":0,"menu_order":0,"comment_status":"closed","ping_status":"closed","template":"","meta":{"footnotes":""},"class_list":["post-4476","page","type-page","status-publish","hentry"],"_links":{"self":[{"href":"https:\/\/lesavonquilave.fr\/index.php?rest_route=\/wp\/v2\/pages\/4476","targetHints":{"allow":["GET"]}}],"collection":[{"href":"https:\/\/lesavonquilave.fr\/index.php?rest_route=\/wp\/v2\/pages"}],"about":[{"href":"https:\/\/lesavonquilave.fr\/index.php?rest_route=\/wp\/v2\/types\/page"}],"author":[{"embeddable":true,"href":"https:\/\/lesavonquilave.fr\/index.php?rest_route=\/wp\/v2\/users\/2"}],"replies":[{"embeddable":true,"href":"https:\/\/lesavonquilave.fr\/index.php?rest_route=%2Fwp%2Fv2%2Fcomments&post=4476"}],"version-history":[{"count":2,"href":"https:\/\/lesavonquilave.fr\/index.php?rest_route=\/wp\/v2\/pages\/4476\/revisions"}],"predecessor-version":[{"id":4488,"href":"https:\/\/lesavonquilave.fr\/index.php?rest_route=\/wp\/v2\/pages\/4476\/revisions\/4488"}],"wp:attachment":[{"href":"https:\/\/lesavonquilave.fr\/index.php?rest_route=%2Fwp%2Fv2%2Fmedia&parent=4476"}],"curies":[{"name":"wp","href":"https:\/\/api.w.org\/{rel}","templated":true}]}}