{"id":4781,"date":"2024-10-30T18:27:42","date_gmt":"2024-10-30T17:27:42","guid":{"rendered":"https:\/\/lesavonquilave.fr\/?post_type=product&#038;p=4781"},"modified":"2024-11-28T11:26:08","modified_gmt":"2024-11-28T10:26:08","slug":"eponge-konjac-noire-eponge-naturelle","status":"publish","type":"product","link":"https:\/\/lesavonquilave.fr\/?product=eponge-konjac-noire-eponge-naturelle","title":{"rendered":"Eponge Konjac Noire"},"content":{"rendered":"<table width=\"718\">\n<tbody>\n<tr>\n<td width=\"359\">\n<h6 data-sourcepos=\"43:1-43:33\"><strong>L\u2019histoire de l\u2019\u00e9ponge konjac<\/strong><\/h6>\n<p data-sourcepos=\"45:1-45:344\">Originaire d\u2019Asie, l\u2019\u00e9ponge konjac est utilis\u00e9e depuis des si\u00e8cles dans les rituels de beaut\u00e9 traditionnels. Les Japonaises, notamment, en font un usage quotidien pour purifier et embellir leur peau. Fabriqu\u00e9e \u00e0 partir de la racine de la plante de konjac, riche en vitamines et en min\u00e9raux, l\u2019\u00e9ponge konjac est un v\u00e9ritable tr\u00e9sor de la nature.<\/p>\n<p data-sourcepos=\"45:1-45:344\"><strong>\u00a0Le secret d\u2019une peau nette et purifi\u00e9e<\/strong><\/p>\n<p data-sourcepos=\"13:1-13:246\">Offrez \u00e0 votre peau un nettoyage en profondeur avec notre \u00e9ponge konjac noire au charbon actif. Ce soin ancestral, 100% naturel et biod\u00e9gradable, purifie en profondeur les pores, absorbe l\u2019exc\u00e8s de s\u00e9bum et affine le grain de peau. Id\u00e9ale pour les peaux mixtes \u00e0 grasses, elle contribue \u00e0 r\u00e9duire les imperfections et \u00e0 retrouver un teint \u00e9clatant. Le massage d\u00e9licat procur\u00e9 par l\u2019\u00e9ponge stimule la microcirculation et favorise le renouvellement cellulaire.<\/p>\n<h6 data-sourcepos=\"15:1-15:61\"><strong>Pourquoi la choisir ?\u00a0<\/strong><\/h6>\n<ul data-sourcepos=\"17:1-22:0\">\n<li data-sourcepos=\"17:1-17:186\"><strong>Puret\u00e9 et d\u00e9toxification :<\/strong> Le charbon actif, reconnu pour ses propri\u00e9t\u00e9s absorbantes, \u00e9limine les impuret\u00e9s, les toxines et l\u2019exc\u00e8s de s\u00e9bum, laissant votre peau nette et purifi\u00e9e.<\/li>\n<li data-sourcepos=\"18:1-18:160\"><strong>Exfoliation douce :<\/strong> Les fibres v\u00e9g\u00e9tales de l\u2019\u00e9ponge konjac exfolient d\u00e9licatement votre peau, affinant le grain de peau et stimulant la microcirculation.<\/li>\n<li data-sourcepos=\"19:1-19:140\"><strong>R\u00e9duction des imperfections :<\/strong> L\u2019\u00e9ponge konjac noire au charbon actif aide \u00e0 r\u00e9duire l\u2019apparence des points noirs et des imperfections.<\/li>\n<li data-sourcepos=\"20:1-20:107\"><strong>R\u00e9gulation du s\u00e9bum :<\/strong> Elle r\u00e9gule la production de s\u00e9bum, pr\u00e9venant ainsi l\u2019apparition de brillances.<\/li>\n<li data-sourcepos=\"21:1-22:0\"><strong>100% naturelle et biod\u00e9gradable :<\/strong> Sans produit chimique, naturelle et \u00e9cologique, elle respecte l\u2019environnement et votre peau.<\/li>\n<\/ul>\n<h6 data-sourcepos=\"23:1-23:75\"><strong>Les bienfaits de l\u2019\u00e9ponge v\u00e9g\u00e9tale pour votre peau<\/strong><\/h6>\n<ul data-sourcepos=\"25:1-28:0\">\n<li data-sourcepos=\"25:1-25:139\"><strong>Peaux mixtes \u00e0 grasses :<\/strong> L\u2019\u00e9ponge konjac noire au charbon actif est id\u00e9ale pour r\u00e9guler la production de s\u00e9bum et purifier les pores.<\/li>\n<li data-sourcepos=\"26:1-26:98\"><strong>Peaux \u00e0 imperfections :<\/strong> Elle aide \u00e0 r\u00e9duire les imperfections et \u00e0 affiner le grain de peau.<\/li>\n<li data-sourcepos=\"27:1-28:0\"><strong>Peaux ternes :<\/strong> Elle r\u00e9v\u00e8le l\u2019\u00e9clat naturel de votre peau en \u00e9liminant les cellules mortes.<\/li>\n<\/ul>\n<h6 data-sourcepos=\"29:1-29:61\"><strong>Comment utiliser l\u2019\u00e9ponge konjac noire au charbon actif ?<\/strong><\/h6>\n<ol data-sourcepos=\"31:1-35:0\">\n<li data-sourcepos=\"31:1-31:41\"><strong>Humidifiez<\/strong> l\u2019\u00e9ponge \u00e0 l\u2019eau ti\u00e8de.<\/li>\n<li data-sourcepos=\"32:1-32:81\"><strong>Massez<\/strong> d\u00e9licatement votre visage en effectuant des mouvements circulaires.<\/li>\n<li data-sourcepos=\"33:1-33:41\"><strong>Rincez<\/strong> abondamment \u00e0 l\u2019eau claire.<\/li>\n<li data-sourcepos=\"34:1-35:0\"><strong>Faites s\u00e9cher<\/strong> l\u2019\u00e9ponge \u00e0 l\u2019air libre.<\/li>\n<\/ol>\n<p data-sourcepos=\"36:1-36:26\"><strong>Conseils d\u2019utilisation<\/strong><\/p>\n<ul data-sourcepos=\"38:1-41:0\">\n<li data-sourcepos=\"38:1-38:56\"><strong>Remplacez<\/strong> votre \u00e9ponge konjac tous les 1 \u00e0 3 mois.<\/li>\n<li data-sourcepos=\"39:1-39:76\"><strong>\u00c9vitez<\/strong> d\u2019utiliser des produits nettoyants agressifs avec votre \u00e9ponge.<\/li>\n<li data-sourcepos=\"40:1-41:0\"><strong>Personnalisez<\/strong> votre rituel beaut\u00e9 en associant l\u2019\u00e9ponge konjac \u00e0 notre <strong><a href=\"https:\/\/lesavonquilave.fr\/?product=savon-argile-verte&preview=true\">savon Le Doux \u00e0 l\u2019argile verte<\/a> <\/strong>sp\u00e9cialement formul\u00e9 pour les peaux mixtes et acn\u00e9iques.<\/li>\n<\/ul>\n<p data-sourcepos=\"42:1-42:52\"><strong>L\u2019association parfaite : \u00e9ponge konjac & charbon actif<\/strong><\/p>\n<p data-sourcepos=\"44:1-44:309\">Le konjac, reconnu pour ses propri\u00e9t\u00e9s nettoyantes et exfoliantes, et le charbon actif, c\u00e9l\u00e8bre pour son pouvoir absorbant et purifiant, forment un duo gagnant pour une peau nette et \u00e9clatante. L\u2019\u00e9ponge konjac noire au charbon actif est ainsi le soin id\u00e9al pour les peaux \u00e0 tendance grasse et \u00e0 imperfections.<\/p>\n<p data-sourcepos=\"46:1-46:13\"><strong>En r\u00e9sum\u00e9<\/strong><\/p>\n<p data-sourcepos=\"48:1-48:287\">L\u2019\u00e9ponge <a href=\"https:\/\/fr.wikipedia.org\/wiki\/Amorphophallus_konjac\" target=\"_blank\" rel=\"noopener\"><strong>konjac<\/strong><\/a> noire au charbon actif est un v\u00e9ritable alli\u00e9 pour une peau pure et lumineuse. En \u00e9liminant les impuret\u00e9s et l\u2019exc\u00e8s de s\u00e9bum, elle affine le grain de peau et r\u00e9duit les imperfections. Adoptez ce geste beaut\u00e9 simple et efficace pour r\u00e9v\u00e9ler l\u2019\u00e9clat naturel de votre peau.<\/p>\n<p data-sourcepos=\"48:1-48:287\"><strong>Nous proposons \u00e9galement une \u00e9ponge <a href=\"https:\/\/lesavonquilave.fr\/?product=eponge-konjac-blanche-naturelle\">konjac blanche, <\/a><\/strong><strong>pour les peaux les plus sensibles et d\u00e9licates.<\/strong><\/p>\n<p data-sourcepos=\"48:1-48:287\"><strong>Quelle \u00e9ponge choisir ?<\/strong><\/p>\n<p data-sourcepos=\"48:1-48:287\">La noire, enrichie au charbon, absorbe les impuret\u00e9s et l\u2019exc\u00e8s de s\u00e9bum, tandis que la blanche, plus douce, apaise et hydrate. Optez pour celle qui correspond \u00e0 vos besoins pour une peau nette et rayonnante.<\/p>\n<p><a href=\"https:\/\/lesavonquilave.fr\/wp-content\/uploads\/2024\/09\/Notice-KONJAC-individuelle-pour-le-site.docx.pdf\"><span style=\"color: #3366ff;\">T\u00e9l\u00e9charger la notice d\u2019utilisation<\/span><\/a><\/td>\n<\/tr>\n<\/tbody>\n<\/table>\n","protected":false},"excerpt":{"rendered":"<h6><strong>\u00c9ponge Konjac Noire au Charbon Actif : Puret\u00e9 et \u00e9clat pour votre peau<\/strong><\/h6>\r\n<p data-sourcepos=\"7:1-7:383\">D\u00e9couvrez cette \u00e9ponge au charbon actif, elle est le <strong>soin id\u00e9al<\/strong> pour les <strong>peaux mixtes \u00e0 grasses<\/strong>. 100% naturelle et biod\u00e9gradable, elle purifie en profondeur, absorbe l'exc\u00e8s de s\u00e9bum et affine le grain de peau. Le charbon actif, reconnu pour ses propri\u00e9t\u00e9s d\u00e9toxifiantes, \u00e9limine les impuret\u00e9s et les points noirs. Offrez \u00e0 votre peau un nettoyage en profondeur et un \u00e9clat retrouv\u00e9 !<\/p>","protected":false},"featured_media":5000,"comment_status":"closed","ping_status":"closed","template":"","meta":[],"product_brand":[],"product_cat":[57],"product_tag":[129,156,157,158,159,160,161],"class_list":{"0":"post-4781","1":"product","2":"type-product","3":"status-publish","4":"has-post-thumbnail","6":"product_cat-accessoires","7":"product_tag-blanche","8":"product_tag-douce","9":"product_tag-konjac","10":"product_tag-naturelle","11":"product_tag-noire","12":"product_tag-soin","13":"product_tag-visage","15":"first","16":"instock","17":"purchasable","18":"product-type-simple"},"_links":{"self":[{"href":"https:\/\/lesavonquilave.fr\/index.php?rest_route=\/wp\/v2\/product\/4781","targetHints":{"allow":["GET"]}}],"collection":[{"href":"https:\/\/lesavonquilave.fr\/index.php?rest_route=\/wp\/v2\/product"}],"about":[{"href":"https:\/\/lesavonquilave.fr\/index.php?rest_route=\/wp\/v2\/types\/product"}],"replies":[{"embeddable":true,"href":"https:\/\/lesavonquilave.fr\/index.php?rest_route=%2Fwp%2Fv2%2Fcomments&post=4781"}],"wp:featuredmedia":[{"embeddable":true,"href":"https:\/\/lesavonquilave.fr\/index.php?rest_route=\/wp\/v2\/media\/5000"}],"wp:attachment":[{"href":"https:\/\/lesavonquilave.fr\/index.php?rest_route=%2Fwp%2Fv2%2Fmedia&parent=4781"}],"wp:term":[{"taxonomy":"product_brand","embeddable":true,"href":"https:\/\/lesavonquilave.fr\/index.php?rest_route=%2Fwp%2Fv2%2Fproduct_brand&post=4781"},{"taxonomy":"product_cat","embeddable":true,"href":"https:\/\/lesavonquilave.fr\/index.php?rest_route=%2Fwp%2Fv2%2Fproduct_cat&post=4781"},{"taxonomy":"product_tag","embeddable":true,"href":"https:\/\/lesavonquilave.fr\/index.php?rest_route=%2Fwp%2Fv2%2Fproduct_tag&post=4781"}],"curies":[{"name":"wp","href":"https:\/\/api.w.org\/{rel}","templated":true}]}}