{"id":820,"date":"2024-04-30T09:36:13","date_gmt":"2024-04-30T07:36:13","guid":{"rendered":"https:\/\/lesavonquilave.fr\/?post_type=product&#038;p=820"},"modified":"2024-11-13T21:04:33","modified_gmt":"2024-11-13T20:04:33","slug":"potinga","status":"publish","type":"product","link":"https:\/\/lesavonquilave.fr\/?product=potinga","title":{"rendered":"Savon gommant ++ : Potinga \u00a0\u00bb \u00c7a sent le sapin ! \u00ab\u00a0"},"content":{"rendered":"<h6 data-sourcepos=\"26:1-26:76\">Potinga \u00a0\u00bb \u00e7a sent le sapin ! \u00ab\u00a0<\/h6>\n<h6 data-sourcepos=\"26:1-26:76\"><strong>Un savon exfoliant d\u2019exception, n\u00e9 de la rencontre entre la bi\u00e8re et la cosm\u00e9tique<\/strong><\/h6>\n<p data-sourcepos=\"28:1-28:316\">Notre savon surgras exfoliant est le fruit d\u2019une collaboration in\u00e9dite avec la Micro <a href=\"https:\/\/www.facebook.com\/BrasseriePotinga\/\" target=\"_blank\" rel=\"noopener\">Brasserie Potinga<\/a> de <a href=\"https:\/\/www.clermontauvergnevolcans.com\/\" target=\"_blank\" rel=\"noopener\">Clermont-Ferrand<\/a>. En int\u00e9grant les dr\u00eaches de bi\u00e8re, un sous-produit de la fabrication de la bi\u00e8re, \u00e0 notre recette, nous avons cr\u00e9\u00e9 un savon unique, aux propri\u00e9t\u00e9s exfoliantes et nourrissantes exceptionnelles.<\/p>\n<h6 data-sourcepos=\"30:1-30:47\"><strong>Les dr\u00eaches de bi\u00e8re : un exfoliant naturel<\/strong><\/h6>\n<p data-sourcepos=\"32:1-32:304\">Les dr\u00eaches de bi\u00e8re sont riches en enzymes, en vitamines et en min\u00e9raux. Elles agissent comme un exfoliant naturel, \u00e9liminant les cellules mortes et les impuret\u00e9s tout en stimulant la microcirculation. Gr\u00e2ce \u00e0 leur action m\u00e9canique douce, elles affinent le grain de peau et lui donnent un \u00e9clat naturel.<\/p>\n<p data-sourcepos=\"34:1-34:64\"><strong>Des huiles v\u00e9g\u00e9tales bio et locales pour nourrir et prot\u00e9ger<\/strong><\/p>\n<p data-sourcepos=\"36:1-36:170\">Pour compl\u00e9ter l\u2019action exfoliante des dr\u00eaches, nous avons s\u00e9lectionn\u00e9 des huiles v\u00e9g\u00e9tales bio et locales, r\u00e9put\u00e9es pour leurs propri\u00e9t\u00e9s nourrissantes et protectrices :<\/p>\n<ul data-sourcepos=\"38:1-41:0\">\n<li data-sourcepos=\"38:1-38:145\"><strong>L\u2019huile de tournesol et de colza :<\/strong> Riches en acides gras essentiels, elles nourrissent en profondeur et apportent de la souplesse \u00e0 la peau.<\/li>\n<li data-sourcepos=\"39:1-39:111\"><strong>Le beurre de coco :<\/strong> Il forme un film protecteur sur la peau, l\u2019hydrate intens\u00e9ment et lui apporte douceur.<\/li>\n<li data-sourcepos=\"40:1-41:0\"><strong>L\u2019huile de ricin :<\/strong> Connue pour ses propri\u00e9t\u00e9s fortifiantes, elle renforce la barri\u00e8re cutan\u00e9e et adoucit la peau.<\/li>\n<\/ul>\n<p data-sourcepos=\"42:1-42:40\"><strong>L\u2019argile blanche : puret\u00e9 et douceur<\/strong><\/p>\n<p data-sourcepos=\"44:1-44:204\">L\u2019argile blanche, reconnue pour ses propri\u00e9t\u00e9s absorbantes et purifiantes, aide \u00e0 r\u00e9guler la production de s\u00e9bum et \u00e0 affiner le grain de peau. Elle apporte \u00e9galement une sensation de fra\u00eecheur imm\u00e9diate.<\/p>\n<p data-sourcepos=\"46:1-46:50\"><strong>L\u2019huile essentielle de pin : \u00e9nergie et puret\u00e9<\/strong><\/p>\n<p data-sourcepos=\"48:1-48:181\">L\u2019huile essentielle de pin, aux notes bois\u00e9es et rafra\u00eechissantes, tonifie et purifie la peau. Elle apporte une sensation de bien-\u00eatre et stimule les d\u00e9fenses naturelles de la peau.<\/p>\n<h6 data-sourcepos=\"50:1-50:50\"><strong>La saponification \u00e0 froid : un gage de qualit\u00e9<\/strong><\/h6>\n<p data-sourcepos=\"52:1-52:262\">Pour pr\u00e9server toutes les propri\u00e9t\u00e9s de nos ingr\u00e9dients, nous avons choisi la m\u00e9thode traditionnelle de la saponification \u00e0 froid. Ce proc\u00e9d\u00e9 artisanal permet de cr\u00e9er un savon surgras, riche en glyc\u00e9rine naturelle, qui hydrate et prot\u00e8ge la peau en profondeur.<\/p>\n<h6 data-sourcepos=\"54:1-54:47\"><strong>Les avantages de la saponification \u00e0 froid :<\/strong><\/h6>\n<ul data-sourcepos=\"56:1-60:0\">\n<li data-sourcepos=\"56:1-56:164\"><strong>Une glyc\u00e9rine naturelle :<\/strong> La glyc\u00e9rine produite lors de la saponification \u00e0 froid reste int\u00e9gr\u00e9e au savon, offrant ainsi une hydratation optimale \u00e0 votre peau.<\/li>\n<li data-sourcepos=\"57:1-57:164\"><strong>Des huiles v\u00e9g\u00e9tales pr\u00e9serv\u00e9es :<\/strong> Les huiles v\u00e9g\u00e9tales ne sont pas chauff\u00e9es \u00e0 haute temp\u00e9rature, ce qui permet de pr\u00e9server l\u2019int\u00e9gralit\u00e9 de leurs propri\u00e9t\u00e9s.<\/li>\n<li data-sourcepos=\"58:1-58:186\"><strong>Un savon surgras :<\/strong> Nous ajoutons un surplus d\u2019huiles v\u00e9g\u00e9tales \u00e0 notre savon pour qu\u2019il soit surgras, c\u2019est-\u00e0-dire qu\u2019il laisse sur la peau un film protecteur qui nourrit et apaise.<\/li>\n<li data-sourcepos=\"59:1-60:0\"><strong>Un produit plus doux :<\/strong> La saponification \u00e0 froid produit un savon plus doux et moins irritant pour la peau, id\u00e9al pour les peaux sensibles.<\/li>\n<\/ul>\n<h6 data-sourcepos=\"61:1-61:50\"><strong>Les bienfaits de notre savon surgras exfoliant<\/strong><\/h6>\n<ul data-sourcepos=\"63:1-68:0\">\n<li data-sourcepos=\"63:1-63:51\"><strong>Exfolie en douceur <\/strong>\u00a0le corps et les mais gr\u00e2ce aux dr\u00eaches de bi\u00e8re<\/li>\n<li data-sourcepos=\"64:1-64:46\"><strong>Nettoie en profondeur<\/strong> et purifie la peau<\/li>\n<li data-sourcepos=\"65:1-65:51\"><strong>Nourrit et hydrate<\/strong> gr\u00e2ce aux huiles v\u00e9g\u00e9tales<\/li>\n<li data-sourcepos=\"66:1-66:75\"><strong>Adoucit et apaise<\/strong> gr\u00e2ce \u00e0 l\u2019argile blanche<\/li>\n<li data-sourcepos=\"67:1-68:0\"><strong>Tonifie et rafra\u00eechit<\/strong> gr\u00e2ce \u00e0 l\u2019huile essentielle de pin<\/li>\n<\/ul>\n<p data-sourcepos=\"69:1-69:87\">Ce savon est un v\u00e9ritable soin pour votre peau. Il la laisse douce, lisse et \u00e9clatante.<\/p>\n<p data-sourcepos=\"71:1-71:14\"><strong>Pour qui ?<\/strong><\/p>\n<p data-sourcepos=\"73:1-73:140\">Ce savon est id\u00e9al pour tous les types de peau, en particulier les peaux normales \u00e0 grasses. Il peut \u00eatre utilis\u00e9 sur le corps et les mains.<\/p>\n<p data-sourcepos=\"79:1-79:35\"><strong>Un produit local et responsable<\/strong><\/p>\n<p data-sourcepos=\"81:1-81:121\">En choisissant notre savon, vous soutenez l\u2019\u00e9conomie locale et vous optez pour un produit respectueux de l\u2019environnement.<\/p>\n<p data-sourcepos=\"42:1-42:42\"><strong>Un rituel de beaut\u00e9 simple et efficace<\/strong><\/p>\n<p data-sourcepos=\"44:1-44:235\">Pour une peau douce, lisse et \u00e9clatante, utilisez notre savon surgras quotidiennement sur le corps et les mains. Faites mousser g\u00e9n\u00e9reusement entre vos mains et appliquez sur peau humide. Massez d\u00e9licatement puis rincez \u00e0 l\u2019eau claire. Posez votre savon sur un <a href=\"https:\/\/lesavonquilave.fr\/?product=porte-savon-aimante-2&preview=true\">porte-savon aimant\u00e9<\/a> pour une dur\u00e9e de vie prolong\u00e9e.<\/p>\n<p><strong>Composition<\/strong> : beurre de coco*, huile de tournesol*, huile de colza*, beurre de karit\u00e9*, huile de ricin*, argile blanche, HE pin sylvestre*, dr\u00eaches de malt.<\/p>\n<p><strong>Ingr\u00e9dients (INCI)<\/strong> : Cocos nucifera oil \u2013 Aqua \u2013 H\u00e9lianthus annus Seed oil \u2013 Brassica campestris Seed oil \u2013 Butyrospermum parkii butter \u2013 Sodium Hydroxide \u2013 Ricinus communis Seed oil \u2013 Kaolin \u2013 Pinus Sylvestris Oil \u2013 Malt extract \u2013 Limonene.<\/p>\n<p>*Ingr\u00e9dients issus de l\u2019agriculture biologique. Huiles de tournesol et de colza du Puy-de-D\u00f4me.<\/p>\n","protected":false},"excerpt":{"rendered":"<h6 data-sourcepos=\"5:1-5:58\"><strong>Savon surgras exfoliant aux dr\u00eaches de bi\u00e8res - Corps &amp; Mains<\/strong><\/h6>\r\n<p data-sourcepos=\"7:1-7:480\">D\u00e9couvrez notre savon artisanal surgras, unique en son genre, \u00e9labor\u00e9 \u00e0 partir de <strong>dr\u00eaches de la Micro <a href=\"https:\/\/www.facebook.com\/BrasseriePotinga\/\">Brasserie Potinga<\/a> de Clermont-Ferrand<\/strong>. Ces dr\u00eaches, riches en enzymes, offrent une exfoliation naturelle tout en nourrissant votre peau. Enrichi en <strong>huiles v\u00e9g\u00e9tales bio locales<\/strong> (tournesol, colza) et en <strong>argile blanche<\/strong>, ce savon nettoie en profondeur, purifie et adoucit votre \u00e9piderme. Parfum\u00e9 \u00e0 l'<strong>huile essentielle de pin<\/strong>, il tonifie et rafra\u00eechit.<\/p>\r\n&nbsp;","protected":false},"featured_media":4639,"comment_status":"closed","ping_status":"closed","template":"","meta":[],"product_brand":[],"product_cat":[15],"product_tag":[100,109,101,110,102,69,71],"class_list":{"0":"post-820","1":"product","2":"type-product","3":"status-publish","4":"has-post-thumbnail","6":"product_cat-nos-savons","7":"product_tag-corps","8":"product_tag-dreche","9":"product_tag-exfoliant","10":"product_tag-exfoliant-moyen","11":"product_tag-mains","12":"product_tag-peaux-sensibles","13":"product_tag-solide","15":"first","16":"instock","17":"featured","18":"purchasable","19":"product-type-simple"},"_links":{"self":[{"href":"https:\/\/lesavonquilave.fr\/index.php?rest_route=\/wp\/v2\/product\/820","targetHints":{"allow":["GET"]}}],"collection":[{"href":"https:\/\/lesavonquilave.fr\/index.php?rest_route=\/wp\/v2\/product"}],"about":[{"href":"https:\/\/lesavonquilave.fr\/index.php?rest_route=\/wp\/v2\/types\/product"}],"replies":[{"embeddable":true,"href":"https:\/\/lesavonquilave.fr\/index.php?rest_route=%2Fwp%2Fv2%2Fcomments&post=820"}],"wp:featuredmedia":[{"embeddable":true,"href":"https:\/\/lesavonquilave.fr\/index.php?rest_route=\/wp\/v2\/media\/4639"}],"wp:attachment":[{"href":"https:\/\/lesavonquilave.fr\/index.php?rest_route=%2Fwp%2Fv2%2Fmedia&parent=820"}],"wp:term":[{"taxonomy":"product_brand","embeddable":true,"href":"https:\/\/lesavonquilave.fr\/index.php?rest_route=%2Fwp%2Fv2%2Fproduct_brand&post=820"},{"taxonomy":"product_cat","embeddable":true,"href":"https:\/\/lesavonquilave.fr\/index.php?rest_route=%2Fwp%2Fv2%2Fproduct_cat&post=820"},{"taxonomy":"product_tag","embeddable":true,"href":"https:\/\/lesavonquilave.fr\/index.php?rest_route=%2Fwp%2Fv2%2Fproduct_tag&post=820"}],"curies":[{"name":"wp","href":"https:\/\/api.w.org\/{rel}","templated":true}]}}