{"id":843,"date":"2024-05-01T12:49:13","date_gmt":"2024-05-01T10:49:13","guid":{"rendered":"https:\/\/lesavonquilave.fr\/?post_type=product&#038;p=843"},"modified":"2024-11-13T16:23:06","modified_gmt":"2024-11-13T15:23:06","slug":"alep","status":"publish","type":"product","link":"https:\/\/lesavonquilave.fr\/?product=alep","title":{"rendered":"Le Alep"},"content":{"rendered":"<div class=\"presented-response-container ng-tns-c2071797741-513\">\n<div class=\"response-container-content ng-tns-c2071797741-513\">\n<div class=\"response-content ng-tns-c2071797741-513\">\n<div class=\"markdown markdown-main-panel response-optimization\" dir=\"ltr\">\n<h6 data-sourcepos=\"11:1-11:44\"><strong>Le Savon d\u2019Alep : un tr\u00e9sor de la nature<\/strong><\/h6>\n<p data-sourcepos=\"13:1-13:359\">D\u00e9couvrez notre savon d\u2019Alep, un v\u00e9ritable soin ancestral pour votre peau. Fabriqu\u00e9 dans le respect de la tradition, il est obtenu par saponification \u00e0 froid d\u2019huiles d\u2019olive et de <a href=\"https:\/\/fr.wikipedia.org\/wiki\/Feuille_de_laurier\" target=\"_blank\" rel=\"noopener\">baies de laurier<\/a> bio. Cette m\u00e9thode traditionnelle permet de pr\u00e9server l\u2019int\u00e9gralit\u00e9 des propri\u00e9t\u00e9s naturelles de ces huiles, offrant ainsi un savon d\u2019une qualit\u00e9 exceptionnelle.<\/p>\n<p data-sourcepos=\"15:1-15:54\"><strong>La saponification \u00e0 froid : une m\u00e9thode ancestrale<\/strong><\/p>\n<p data-sourcepos=\"17:1-17:506\">La saponification \u00e0 froid est un proc\u00e9d\u00e9 lent et minutieux qui consiste \u00e0 m\u00e9langer des huiles v\u00e9g\u00e9tales avec de la soude caustique. Cette r\u00e9action chimique produit du savon et de la glyc\u00e9rine naturelle, un puissant hydratant. Contrairement \u00e0 la saponification \u00e0 chaud, la saponification \u00e0 froid permet de conserver tous les bienfaits des huiles v\u00e9g\u00e9tales, notamment les vitamines et les antioxydants. De plus, la glyc\u00e9rine ainsi produite reste int\u00e9gr\u00e9e au savon, offrant une hydratation optimale \u00e0 la peau.<\/p>\n<p data-sourcepos=\"3:1-3:24\"><strong>Pour quelles peaux ?<\/strong><\/p>\n<p data-sourcepos=\"5:1-5:609\">Notre savon d\u2019Alep, gr\u00e2ce \u00e0 sa composition riche en huile d\u2019olive et en huile de baie de laurier, convient \u00e0 tous les types de peau. Que vous ayez la peau <strong>s\u00e8che, grasse, mixte ou sensible<\/strong>, il r\u00e9pondra \u00e0 vos besoins. Les peaux s\u00e8ches appr\u00e9cieront son pouvoir hydratant et nourrissant, tandis que les <strong>peaux grasses b\u00e9n\u00e9ficieront de ses propri\u00e9t\u00e9s purifiantes et r\u00e9gulatrices<\/strong>. Les peaux sensibles, quant \u00e0 elles, seront apais\u00e9es par sa douceur et sa tol\u00e9rance cutan\u00e9e. Le savon d\u2019Alep est \u00e9galement recommand\u00e9 pour les <strong>peaux \u00e0 probl\u00e8mes (acn\u00e9, ecz\u00e9ma)<\/strong> gr\u00e2ce \u00e0 ses vertus <strong>antibact\u00e9riennes et anti-inflammatoires<\/strong>.<\/p>\n<p data-sourcepos=\"19:1-19:69\"><strong>Les bienfaits de l\u2019huile d\u2019olive et de l\u2019huile de baie de laurier<\/strong><\/p>\n<ul data-sourcepos=\"21:1-23:0\">\n<li data-sourcepos=\"21:1-21:211\"><strong>L\u2019huile d\u2019olive bio<\/strong> : Riche en acides gras essentiels, elle nourrit intens\u00e9ment la peau, la laissant douce et souple. Elle poss\u00e8de \u00e9galement des propri\u00e9t\u00e9s anti-inflammatoires qui apaisent les irritations.<\/li>\n<li data-sourcepos=\"22:1-23:0\"><strong>L\u2019huile de baie de laurier bio<\/strong> : Connue pour ses vertus purifiantes et antiseptiques, elle aide \u00e0 r\u00e9guler la production de s\u00e9bum et \u00e0 pr\u00e9venir l\u2019apparition des imperfections. Elle apporte \u00e9galement une touche de fra\u00eecheur et de vivacit\u00e9 au savon.<\/li>\n<\/ul>\n<p data-sourcepos=\"24:1-24:36\"><strong>Un parfum naturel et authentique<\/strong><\/p>\n<p data-sourcepos=\"26:1-26:223\">Notre savon d\u2019Alep d\u00e9gage un parfum subtil et caract\u00e9ristique, m\u00ealant les notes fruit\u00e9es de l\u2019olive et les nuances l\u00e9g\u00e8rement \u00e9pic\u00e9es du laurier. Ce parfum d\u00e9licat vous enveloppera d\u2019une sensation de bien-\u00eatre et de puret\u00e9.<\/p>\n<p data-sourcepos=\"28:1-28:45\"><strong>Une forme cubique et un surgraissage \u00e0 6%<\/strong><\/p>\n<p data-sourcepos=\"30:1-30:303\">La forme cubique de notre savon d\u2019Alep lui conf\u00e8re un aspect authentique et intemporel. De plus, son surgraissage \u00e0 6% garantit une douceur extr\u00eame, m\u00eame pour les peaux les plus sensibles. Ce surplus d\u2019huiles v\u00e9g\u00e9tales pr\u00e9serve le film hydrolipidique de la peau et la prot\u00e8ge des agressions ext\u00e9rieures.<\/p>\n<h6 data-sourcepos=\"32:1-32:46\"><strong>Les multiples utilisations du savon d\u2019Alep<\/strong><\/h6>\n<p data-sourcepos=\"34:1-34:54\">Notre savon d\u2019Alep est un v\u00e9ritable soin multi-usage :<\/p>\n<ul data-sourcepos=\"36:1-39:0\">\n<li data-sourcepos=\"36:1-36:64\"><strong>Corps<\/strong> : Il nettoie en douceur tout en nourrissant la peau.<\/li>\n<li data-sourcepos=\"37:1-37:108\"><strong>Visage<\/strong> : Il convient \u00e0 tous les types de peau, m\u00eame les plus sensibles. Il purifie et unifie le teint.<\/li>\n<li data-sourcepos=\"38:1-39:0\"><strong>Cheveux<\/strong> : Il peut \u00eatre utilis\u00e9 comme shampoing solide pour les cheveux gras ou mixtes. Il r\u00e9gule la production de s\u00e9bum et apporte brillance et l\u00e9g\u00e8ret\u00e9.<\/li>\n<\/ul>\n<p data-sourcepos=\"40:1-40:24\"><strong>Un choix responsable<\/strong><\/p>\n<p data-sourcepos=\"42:1-42:240\">En choisissant notre savon d\u2019Alep, vous optez pour un produit naturel, artisanal et respectueux de l\u2019environnement. Il est fabriqu\u00e9 sans huile de palme et sans colorant, et son emballage est minimaliste pour r\u00e9duire notre impact \u00e9cologique.<\/p>\n<p data-sourcepos=\"42:1-42:42\"><strong>Un rituel de beaut\u00e9 simple et efficace<\/strong><\/p>\n<p data-sourcepos=\"44:1-44:235\">Pour une peau douce, lisse et \u00e9clatante, utilisez notre savon surgras quotidiennement sur le corps et les mains. Faites mousser g\u00e9n\u00e9reusement entre vos mains et appliquez sur peau humide. Massez d\u00e9licatement puis rincez \u00e0 l\u2019eau claire. Posez votre savon sur un <a href=\"https:\/\/lesavonquilave.fr\/?product=porte-savon-aimante-2&preview=true\">porte-savon aimant\u00e9<\/a> pour une dur\u00e9e de vie prolong\u00e9e.<\/p>\n<p data-sourcepos=\"44:1-44:97\">Offrez-vous les bienfaits d\u2019un savon d\u2019exception et d\u00e9couvrez le plaisir d\u2019un retour aux sources.<\/p>\n<\/div>\n<div class=\"response-footer gap complete\"><\/div>\n<\/div>\n<\/div>\n<\/div>\n<p><strong>Composition\u00a0<\/strong>: huile d\u2019olive*, huile de baie de laurier*.<\/p>\n<p><strong>Ingr\u00e9dients<\/strong> : Olea Europaea fruit oil \u2013 Aqua \u2013 Laurus nobilis fruit oil \u2013 Sodium Hydroxide.<\/p>\n<p>*Ingr\u00e9dients issus de l\u2019agriculture biologique.<\/p>\n","protected":false},"excerpt":{"rendered":"<h6 data-sourcepos=\"5:1-5:46\"><strong>Notre savon d'Alep, un classique revisit\u00e9.<\/strong><\/h6>\r\n<p data-sourcepos=\"7:1-7:379\">Fabriqu\u00e9 selon la m\u00e9thode traditionnelle de saponification \u00e0 froid, notre savon d'Alep offre une exp\u00e9rience authentique. Formul\u00e9 \u00e0 base d'huile d'olive bio et d'huile de baie de laurier bio, il nettoie en douceur tout en nourrissant la peau. Sa forme cubique et son parfum naturel en font un incontournable de la salle de bain. Surgras \u00e0 6%, il convient \u00e0 tous les types de peau.<\/p>","protected":false},"featured_media":4648,"comment_status":"closed","ping_status":"closed","template":"","meta":[],"product_brand":[],"product_cat":[15],"product_tag":[122,123,124,125,68,126],"class_list":{"0":"post-843","1":"product","2":"type-product","3":"status-publish","4":"has-post-thumbnail","6":"product_cat-nos-savons","7":"product_tag-acne","8":"product_tag-eczema","9":"product_tag-laurier","10":"product_tag-olive","11":"product_tag-peau-atopique","12":"product_tag-savon-solide","14":"first","15":"instock","16":"purchasable","17":"product-type-simple"},"_links":{"self":[{"href":"https:\/\/lesavonquilave.fr\/index.php?rest_route=\/wp\/v2\/product\/843","targetHints":{"allow":["GET"]}}],"collection":[{"href":"https:\/\/lesavonquilave.fr\/index.php?rest_route=\/wp\/v2\/product"}],"about":[{"href":"https:\/\/lesavonquilave.fr\/index.php?rest_route=\/wp\/v2\/types\/product"}],"replies":[{"embeddable":true,"href":"https:\/\/lesavonquilave.fr\/index.php?rest_route=%2Fwp%2Fv2%2Fcomments&post=843"}],"wp:featuredmedia":[{"embeddable":true,"href":"https:\/\/lesavonquilave.fr\/index.php?rest_route=\/wp\/v2\/media\/4648"}],"wp:attachment":[{"href":"https:\/\/lesavonquilave.fr\/index.php?rest_route=%2Fwp%2Fv2%2Fmedia&parent=843"}],"wp:term":[{"taxonomy":"product_brand","embeddable":true,"href":"https:\/\/lesavonquilave.fr\/index.php?rest_route=%2Fwp%2Fv2%2Fproduct_brand&post=843"},{"taxonomy":"product_cat","embeddable":true,"href":"https:\/\/lesavonquilave.fr\/index.php?rest_route=%2Fwp%2Fv2%2Fproduct_cat&post=843"},{"taxonomy":"product_tag","embeddable":true,"href":"https:\/\/lesavonquilave.fr\/index.php?rest_route=%2Fwp%2Fv2%2Fproduct_tag&post=843"}],"curies":[{"name":"wp","href":"https:\/\/api.w.org\/{rel}","templated":true}]}}