{"id":907,"date":"2024-05-04T15:39:47","date_gmt":"2024-05-04T13:39:47","guid":{"rendered":"https:\/\/lesavonquilave.fr\/?post_type=product&#038;p=907"},"modified":"2024-11-13T16:03:24","modified_gmt":"2024-11-13T15:03:24","slug":"eponge-konjac-blanche-naturelle","status":"publish","type":"product","link":"https:\/\/lesavonquilave.fr\/?product=eponge-konjac-blanche-naturelle","title":{"rendered":"Eponge Konjac Blanche"},"content":{"rendered":"<h6 data-sourcepos=\"11:1-11:67\"><strong>\u00c9ponge Konjac Blanche : Le secret ancestral d\u2019une peau parfaite<\/strong><\/h6>\n<p data-sourcepos=\"13:1-13:260\">Originaire d\u2019Asie, l\u2019\u00e9ponge konjac est utilis\u00e9e depuis des si\u00e8cles pour ses vertus nettoyantes et exfoliantes dans les rituels de beaut\u00e9 traditionnels. Elle \u00e9tait utilis\u00e9e pour laver la peau d\u00e9licate des nouveau-n\u00e9s. Fabriqu\u00e9e \u00e0 partir de la racine de la plante de konjac, <span style=\"font-family: inherit; font-size: inherit;\">riche en vitamines et en min\u00e9raux, cette \u00e9ponge v\u00e9g\u00e9tale est un v\u00e9ritable tr\u00e9sor de la nature. C<\/span><span style=\"font-family: inherit; font-size: inherit;\">ette \u00e9ponge 100% naturelle et biod\u00e9gradable est un v\u00e9ritable soin de beaut\u00e9 pour votre peau<\/span><span style=\"font-family: inherit; font-size: inherit;\">. Les Japonaises, notamment, en font un usage quotidien pour purifier et embellir leur peau.\u00a0<\/span><\/p>\n<h6 data-sourcepos=\"15:1-15:46\"><strong>Pourquoi choisir l\u2019\u00e9ponge konjac blanche ?<\/strong><\/h6>\n<ul data-sourcepos=\"17:1-22:0\">\n<li data-sourcepos=\"17:1-17:129\"><strong>Douceur extr\u00eame :<\/strong> Sa texture douce et soyeuse convient parfaitement aux peaux sensibles, irrit\u00e9es ou sujettes aux rougeurs.<\/li>\n<li data-sourcepos=\"18:1-18:161\"><strong>Nettoyage en profondeur :<\/strong> L\u2019\u00e9ponge konjac \u00e9limine en douceur les impuret\u00e9s, l\u2019exc\u00e8s de s\u00e9bum et les cellules mortes, laissant votre peau nette et purifi\u00e9e.<\/li>\n<li data-sourcepos=\"19:1-19:157\"><strong>Exfoliation naturelle :<\/strong> Les fibres v\u00e9g\u00e9tales de l\u2019\u00e9ponge exfolient d\u00e9licatement votre peau, affinant le grain de peau et stimulant la microcirculation.<\/li>\n<li data-sourcepos=\"20:1-20:128\"><strong>R\u00e9\u00e9quilibre le pH :<\/strong> Elle aide \u00e0 r\u00e9\u00e9quilibrer le pH naturel de votre peau, renfor\u00e7ant ainsi sa barri\u00e8re cutan\u00e9e.<\/li>\n<li data-sourcepos=\"21:1-22:0\"><strong>100% naturelle et biod\u00e9gradable :<\/strong> Sans produit chimique, elle respecte l\u2019environnement et votre peau.<\/li>\n<\/ul>\n<h6 data-sourcepos=\"23:1-23:60\"><strong>Les bienfaits de l\u2019\u00e9ponge konjac blanche pour votre peau<\/strong><\/h6>\n<ul data-sourcepos=\"25:1-29:0\">\n<li data-sourcepos=\"25:1-25:145\"><strong>Peaux sensibles :<\/strong> L\u2019\u00e9ponge konjac blanche est particuli\u00e8rement recommand\u00e9e pour les peaux sensibles car elle ne provoque aucune irritation.<\/li>\n<li data-sourcepos=\"26:1-26:138\"><strong>Peaux s\u00e8ches :<\/strong> Elle aide \u00e0 \u00e9liminer les cellules mortes et \u00e0 stimuler la production de s\u00e9bum, laissant votre peau douce et hydrat\u00e9e.<\/li>\n<li data-sourcepos=\"27:1-27:87\"><strong>Peaux grasses :<\/strong> Elle r\u00e9gule la production de s\u00e9bum et aide \u00e0 resserrer les pores.<\/li>\n<li data-sourcepos=\"28:1-29:0\"><strong>Tous types de peaux :<\/strong> L\u2019\u00e9ponge konjac blanche convient \u00e0 tous les types de peau, du plus sec au plus gras.<\/li>\n<\/ul>\n<h6>Premi\u00e8re utilisation<\/h6>\n<p>Placez l\u2019\u00e9ponge dans un peu d\u2019eau ti\u00e8de jusqu\u2019\u00e0 ce qu\u2019elle se r\u00e9hydrate totalement (cela peut prendre jusqu\u2019\u00e0 5 minutes si elle est tr\u00e8s s\u00e8che).<\/p>\n<p>Une fois gonfl\u00e9e d\u2019eau, rincez-l\u00e0 puis pressez-l\u00e0 d\u00e9licatement pour \u00e9vacuer l\u2019eau. Proc\u00e9dez ensuite au nettoyage du visage \u00e0 l\u2019eau ti\u00e8de ou avec un <a href=\"https:\/\/lesavonquilave.fr\/?product_cat=nos-savons\">savon doux<\/a> en effectuant de petits cercles (cela permettra en plus d\u2019\u00e9liminer les cellules mortes et de stimuler la circulation). Votre peau est parfaitement nettoy\u00e9e et retrouve un teint plus lumineux.<\/p>\n<h6 data-sourcepos=\"30:1-30:46\"><strong>Comment utiliser l\u2019\u00e9ponge konjac blanche ?<\/strong><\/h6>\n<ol data-sourcepos=\"32:1-36:0\">\n<li data-sourcepos=\"32:1-32:41\"><strong>Humidifiez<\/strong> l\u2019\u00e9ponge \u00e0 l\u2019eau ti\u00e8de.<\/li>\n<li data-sourcepos=\"33:1-33:81\"><strong>Massez<\/strong> d\u00e9licatement votre visage en effectuant des mouvements circulaires.<\/li>\n<li data-sourcepos=\"34:1-34:41\"><strong>Rincez<\/strong> abondamment \u00e0 l\u2019eau claire.<\/li>\n<li data-sourcepos=\"35:1-36:0\"><strong>Faites s\u00e9cher<\/strong> l\u2019\u00e9ponge \u00e0 l\u2019air libre.<\/li>\n<\/ol>\n<h6 data-sourcepos=\"37:1-37:26\"><strong>Conseils d\u2019utilisation<\/strong><\/h6>\n<ul data-sourcepos=\"39:1-42:0\">\n<li data-sourcepos=\"39:1-39:56\"><strong>Remplacez<\/strong> votre \u00e9ponge konjac tous les 1 \u00e0 3 mois.<\/li>\n<li data-sourcepos=\"40:1-40:76\"><strong>\u00c9vitez<\/strong> d\u2019utiliser des produits nettoyants agressifs avec votre \u00e9ponge.<\/li>\n<li data-sourcepos=\"41:1-42:0\"><strong>Personnalisez<\/strong> votre rituel beaut\u00e9 en associant l\u2019\u00e9ponge konjac \u00e0 votre huile ou gel nettoyant pr\u00e9f\u00e9r\u00e9.<\/li>\n<\/ul>\n<h6><strong>Prendre soin de son \u00e9ponge Konjac<\/strong><\/h6>\n<p>Rincez ensuite votre \u00e9ponge, pressez-l\u00e0 d\u00e9licatement pour \u00e9vacuer l\u2019eau (sans ne la tordre ni la recourber sur elle-m\u00eame afin de ne pas abimer les fibres).<\/p>\n<p>Elle s\u00e8chera en quelques heures \u00e0 l\u2019air libre (un cordon d\u2019accroche vous permet de la suspendre), vous n\u2019aurez plus qu\u2019\u00e0 la r\u00e9hydrater pour le prochain nettoyage.<\/p>\n<h6 data-sourcepos=\"47:1-47:13\"><strong>En r\u00e9sum\u00e9<\/strong><\/h6>\n<p data-sourcepos=\"49:1-49:266\">L\u2019\u00e9ponge <a href=\"https:\/\/fr.wikipedia.org\/wiki\/Amorphophallus_konjac\" target=\"_blank\" rel=\"noopener\">konjac<\/a> blanche est un incontournable de la routine beaut\u00e9 naturelle. Douce, efficace et respectueuse de l\u2019environnement, elle vous offre une peau saine, \u00e9clatante et purifi\u00e9e. Adoptez ce geste beaut\u00e9 ancestral pour r\u00e9v\u00e9ler la beaut\u00e9 naturelle de votre peau. Elle peut m\u00eame \u00eatre utilis\u00e9e pour les b\u00e9b\u00e9s pour laver leur peau d\u00e9licate.<\/p>\n<h6 data-sourcepos=\"48:1-48:287\"><strong>Nous proposons \u00e9galement une \u00e9ponge <a href=\"https:\/\/lesavonquilave.fr\/?product=eponge-konjac-noire-eponge-naturelle\">konjac noire<\/a> pour les peaux normales \u00e0 mixtes.<\/strong><\/h6>\n<h6 data-sourcepos=\"48:1-48:287\"><strong>Quelle \u00e9ponge v\u00e9g\u00e9tale choisir ? <\/strong><\/h6>\n<p data-sourcepos=\"48:1-48:287\"><strong>La noire<\/strong>, enrichie au charbon, absorbe les impuret\u00e9s et l\u2019exc\u00e8s de s\u00e9bum des peaux mixtes \u00e0 grasse, tandis que <strong>la blanche<\/strong>, plus douce, apaise et hydrate les peaux sensibles et s\u00e8ches. Optez pour celle qui correspond \u00e0 vos besoins pour une peau nette et rayonnante.<\/p>\n<p><a href=\"https:\/\/lesavonquilave.fr\/wp-content\/uploads\/2024\/09\/Notice-KONJAC-individuelle-pour-le-site.docx.pdf\"><span style=\"color: #3366ff;\">T\u00e9l\u00e9charger la notice d\u2019utilisation<\/span><\/a><\/p>\n","protected":false},"excerpt":{"rendered":"<h6 data-sourcepos=\"5:1-5:71\"><strong>\u00c9ponge Konjac Blanche Naturelle : Douceur et puret\u00e9 pour votre peau<\/strong><\/h6>\r\n<p data-sourcepos=\"7:1-7:329\">D\u00e9couvrez l'\u00e9ponge konjac blanche, un tr\u00e9sor de la nature pour une peau douce et \u00e9clatante. 100% naturelle et biod\u00e9gradable, elle exfolie en douceur, nettoie en profondeur et purifie votre peau. Id\u00e9ale pour les peaux sensibles, elle convient \u00e0 tous les types de peau. Un rituel beaut\u00e9 ancestral pour une peau saine et rayonnante.<\/p>","protected":false},"featured_media":4739,"comment_status":"closed","ping_status":"closed","template":"","meta":[],"product_brand":[],"product_cat":[57],"product_tag":[129,156,157,158,159,160,161],"class_list":{"0":"post-907","1":"product","2":"type-product","3":"status-publish","4":"has-post-thumbnail","6":"product_cat-accessoires","7":"product_tag-blanche","8":"product_tag-douce","9":"product_tag-konjac","10":"product_tag-naturelle","11":"product_tag-noire","12":"product_tag-soin","13":"product_tag-visage","15":"first","16":"instock","17":"purchasable","18":"product-type-simple"},"_links":{"self":[{"href":"https:\/\/lesavonquilave.fr\/index.php?rest_route=\/wp\/v2\/product\/907","targetHints":{"allow":["GET"]}}],"collection":[{"href":"https:\/\/lesavonquilave.fr\/index.php?rest_route=\/wp\/v2\/product"}],"about":[{"href":"https:\/\/lesavonquilave.fr\/index.php?rest_route=\/wp\/v2\/types\/product"}],"replies":[{"embeddable":true,"href":"https:\/\/lesavonquilave.fr\/index.php?rest_route=%2Fwp%2Fv2%2Fcomments&post=907"}],"wp:featuredmedia":[{"embeddable":true,"href":"https:\/\/lesavonquilave.fr\/index.php?rest_route=\/wp\/v2\/media\/4739"}],"wp:attachment":[{"href":"https:\/\/lesavonquilave.fr\/index.php?rest_route=%2Fwp%2Fv2%2Fmedia&parent=907"}],"wp:term":[{"taxonomy":"product_brand","embeddable":true,"href":"https:\/\/lesavonquilave.fr\/index.php?rest_route=%2Fwp%2Fv2%2Fproduct_brand&post=907"},{"taxonomy":"product_cat","embeddable":true,"href":"https:\/\/lesavonquilave.fr\/index.php?rest_route=%2Fwp%2Fv2%2Fproduct_cat&post=907"},{"taxonomy":"product_tag","embeddable":true,"href":"https:\/\/lesavonquilave.fr\/index.php?rest_route=%2Fwp%2Fv2%2Fproduct_tag&post=907"}],"curies":[{"name":"wp","href":"https:\/\/api.w.org\/{rel}","templated":true}]}}